{"id":6735,"date":"2021-02-09T11:56:51","date_gmt":"2021-02-09T10:56:51","guid":{"rendered":"https:\/\/www.info.hazu.hr\/povijest\/soba-nobelovaca\/"},"modified":"2021-10-22T11:23:47","modified_gmt":"2021-10-22T09:23:47","slug":"soba-nobelovaca","status":"publish","type":"page","link":"https:\/\/www.info.hazu.hr\/en\/povijest\/soba-nobelovaca\/","title":{"rendered":"Nobel laureates room"},"content":{"rendered":"\t\t<div data-elementor-type=\"wp-page\" data-elementor-id=\"6735\" class=\"elementor elementor-6735 elementor-1543\" data-elementor-settings=\"[]\">\n\t\t\t\t\t\t<div class=\"elementor-inner\">\n\t\t\t\t\t\t\t<div class=\"elementor-section-wrap\">\n\t\t\t\t\t\t\t<section class=\"elementor-section elementor-top-section elementor-element elementor-element-534ecbee elementor-section-height-min-height hazu-inner-header elementor-section-boxed elementor-section-height-default elementor-section-items-middle\" data-id=\"534ecbee\" data-element_type=\"section\" data-settings=\"{&quot;background_background&quot;:&quot;classic&quot;}\">\n\t\t\t\t\t\t<div class=\"elementor-container elementor-column-gap-default\">\n\t\t\t\t\t\t\t<div class=\"elementor-row\">\n\t\t\t\t\t<div class=\"elementor-column elementor-col-100 elementor-top-column elementor-element elementor-element-3d76054c\" data-id=\"3d76054c\" data-element_type=\"column\">\n\t\t\t<div class=\"elementor-column-wrap elementor-element-populated\">\n\t\t\t\t\t\t\t<div class=\"elementor-widget-wrap\">\n\t\t\t\t\t\t<div class=\"elementor-element elementor-element-152192e6 elementor-widget elementor-widget-heading\" data-id=\"152192e6\" data-element_type=\"widget\" data-widget_type=\"heading.default\">\n\t\t\t\t<div class=\"elementor-widget-container\">\n\t\t\t<h1 class=\"elementor-heading-title elementor-size-default\">History<\/h1>\t\t<\/div>\n\t\t\t\t<\/div>\n\t\t\t\t<div class=\"elementor-element elementor-element-710a3f33 elementor-widget elementor-widget-text-editor\" data-id=\"710a3f33\" data-element_type=\"widget\" data-widget_type=\"text-editor.default\">\n\t\t\t\t<div class=\"elementor-widget-container\">\n\t\t\t\t\t\t\t\t<div class=\"elementor-text-editor elementor-clearfix\">\n\t\t\t\t\t\t\t\t\t\t<\/div>\n\t\t\t\t\t\t<\/div>\n\t\t\t\t<\/div>\n\t\t\t\t\t\t<\/div>\n\t\t\t\t\t<\/div>\n\t\t<\/div>\n\t\t\t\t\t\t\t\t<\/div>\n\t\t\t\t\t<\/div>\n\t\t<\/section>\n\t\t\t\t<section class=\"elementor-section elementor-top-section elementor-element elementor-element-680d6191 elementor-section-boxed elementor-section-height-default elementor-section-height-default\" data-id=\"680d6191\" data-element_type=\"section\" data-settings=\"{&quot;background_background&quot;:&quot;classic&quot;}\">\n\t\t\t\t\t\t<div class=\"elementor-container elementor-column-gap-default\">\n\t\t\t\t\t\t\t<div class=\"elementor-row\">\n\t\t\t\t\t<div class=\"elementor-column elementor-col-50 elementor-top-column elementor-element elementor-element-4e8f01dd\" data-id=\"4e8f01dd\" data-element_type=\"column\">\n\t\t\t<div class=\"elementor-column-wrap elementor-element-populated\">\n\t\t\t\t\t\t\t<div class=\"elementor-widget-wrap\">\n\t\t\t\t\t\t<div class=\"elementor-element elementor-element-2b847c8d elementor-widget elementor-widget-text-editor\" data-id=\"2b847c8d\" data-element_type=\"widget\" data-widget_type=\"text-editor.default\">\n\t\t\t\t<div class=\"elementor-widget-container\">\n\t\t\t\t\t\t\t\t<div class=\"elementor-text-editor elementor-clearfix\">\n\t\t\t\t\t<p><strong>MEMORIAL ROOM OF NOBEL PRIZE WINNERS <\/strong><strong>LAVOSLAV RU\u017dI\u010cKA AND VLADIMIR PRELOG<\/strong><\/p><p><img src=\"https:\/\/www.info.hazu.hr\/upload\/File\/2018-2\/Soba-nobelovaca-03.jpg\" alt=\"Soba nobelovaca\" \/><\/p><p>The Memorial Room dedicated to Nobel Prize winners Lavoslav Ru\u017ei\u010dka and Vladimir Prelog was opened in the Library of the Croatian Academy of Sciences and Arts. It is a multimedia room filled with numerous documents, letters, photos and personal objects, where visitors can also watch documentaries about the two distinguished Croatian chemists. The original document announcing the Nobel Prize winners of 1939 is kept in the part dedicated to Ru\u017ei\u010dka, while the Prelog part contains a portion of his professional library, furniture from his study, the suit he was wearing when he received the Nobel Prize in 1975 and his collection of matchboxes from hotels arounds the world. A special information desk offers numerous details about how the Nobel Prize is awarded, about its winners and about Alfred Nobel. The idea to create the Memorial Room came in 2001 from Ivo Padovan, then President of the Academy, and Professor Nikola Jovi\u0107, Corresponding Member, during the inauguration of Vladimir Prelog\u2019s memorial plaque placed on the Federal Institute of Technology (ETH) building in Z\u00fcrich. After that, Professor Jovi\u0107 gave the Academy some objects from Ru\u017ei\u010dka\u2019s legacy, while Prelog\u2019s wife Kamila and his son Jan Prelog donated some of his personal objects, and other exhibits were donated by former Prelog\u2019s students. (M. L.)<\/p><p><img class=\"aligncenter\" src=\"\/upload\/File\/2018\/Soba-nobelovaca-01.jpg\" alt=\"Soba nobelovaca\" \/><\/p><figure style=\"width: 610px\" class=\"wp-caption aligncenter\"><img loading=\"lazy\" src=\"\/upload\/images\/STAGLJAR-KUSIC.jpg\" alt=\"Soba nobelovaca\" width=\"610\" height=\"568\" \/><figcaption class=\"wp-caption-text\">Prof. Igor \u0160tagljar PhD., corresponding member of CASA and prof. Zvonko Kusi\u0107, F.C.A.<\/figcaption><\/figure>\t\t\t\t\t<\/div>\n\t\t\t\t\t\t<\/div>\n\t\t\t\t<\/div>\n\t\t\t\t\t\t<\/div>\n\t\t\t\t\t<\/div>\n\t\t<\/div>\n\t\t\t\t<div class=\"elementor-column elementor-col-50 elementor-top-column elementor-element elementor-element-9df81df\" data-id=\"9df81df\" data-element_type=\"column\">\n\t\t\t<div class=\"elementor-column-wrap elementor-element-populated\">\n\t\t\t\t\t\t\t<div class=\"elementor-widget-wrap\">\n\t\t\t\t\t\t<div class=\"elementor-element elementor-element-13239fa8 elementor-widget elementor-widget-heading\" data-id=\"13239fa8\" data-element_type=\"widget\" data-widget_type=\"heading.default\">\n\t\t\t\t<div class=\"elementor-widget-container\">\n\t\t\t<h2 class=\"elementor-heading-title elementor-size-default\">Navigation<\/h2>\t\t<\/div>\n\t\t\t\t<\/div>\n\t\t\t\t<div class=\"elementor-element elementor-element-723af3f6 elementor-widget elementor-widget-shortcode\" data-id=\"723af3f6\" data-element_type=\"widget\" data-widget_type=\"shortcode.default\">\n\t\t\t\t<div class=\"elementor-widget-container\">\n\t\t\t\t\t<div class=\"elementor-shortcode\">\r\n\r\n<ul class=\"hazu-razred-nav pages\">\r\n\r\n    \r\n\r\n<\/ul><\/div>\n\t\t\t\t<\/div>\n\t\t\t\t<\/div>\n\t\t\t\t\t\t<\/div>\n\t\t\t\t\t<\/div>\n\t\t<\/div>\n\t\t\t\t\t\t\t\t<\/div>\n\t\t\t\t\t<\/div>\n\t\t<\/section>\n\t\t\t\t\t\t<\/div>\n\t\t\t\t\t\t<\/div>\n\t\t\t\t\t<\/div>\n\t\t","protected":false},"excerpt":{"rendered":"<p>History MEMORIAL ROOM OF NOBEL PRIZE WINNERS LAVOSLAV RU\u017dI\u010cKA AND VLADIMIR PRELOG The Memorial Room dedicated to Nobel Prize winners Lavoslav Ru\u017ei\u010dka and Vladimir Prelog was opened in the Library of the Croatian Academy of Sciences and Arts. It is a multimedia room filled with numerous documents, letters, photos and personal objects, where visitors can [&hellip;]<\/p>\n","protected":false},"author":2,"featured_media":0,"parent":5674,"menu_order":135,"comment_status":"closed","ping_status":"closed","template":"elementor_header_footer","meta":[],"_links":{"self":[{"href":"https:\/\/www.info.hazu.hr\/en\/wp-json\/wp\/v2\/pages\/6735"}],"collection":[{"href":"https:\/\/www.info.hazu.hr\/en\/wp-json\/wp\/v2\/pages"}],"about":[{"href":"https:\/\/www.info.hazu.hr\/en\/wp-json\/wp\/v2\/types\/page"}],"author":[{"embeddable":true,"href":"https:\/\/www.info.hazu.hr\/en\/wp-json\/wp\/v2\/users\/2"}],"replies":[{"embeddable":true,"href":"https:\/\/www.info.hazu.hr\/en\/wp-json\/wp\/v2\/comments?post=6735"}],"version-history":[{"count":10,"href":"https:\/\/www.info.hazu.hr\/en\/wp-json\/wp\/v2\/pages\/6735\/revisions"}],"predecessor-version":[{"id":15301,"href":"https:\/\/www.info.hazu.hr\/en\/wp-json\/wp\/v2\/pages\/6735\/revisions\/15301"}],"up":[{"embeddable":true,"href":"https:\/\/www.info.hazu.hr\/en\/wp-json\/wp\/v2\/pages\/5674"}],"wp:attachment":[{"href":"https:\/\/www.info.hazu.hr\/en\/wp-json\/wp\/v2\/media?parent=6735"}],"curies":[{"name":"wp","href":"https:\/\/api.w.org\/{rel}","templated":true}]}}