{"id":5871,"date":"2021-02-09T11:53:43","date_gmt":"2021-02-09T10:53:43","guid":{"rendered":"https:\/\/www.info.hazu.hr\/povijest\/guarnerijeva-violina\/"},"modified":"2021-10-22T10:42:09","modified_gmt":"2021-10-22T08:42:09","slug":"guarnerijeva-violina","status":"publish","type":"page","link":"https:\/\/www.info.hazu.hr\/en\/povijest\/guarnerijeva-violina\/","title":{"rendered":"The Guarneri Violin"},"content":{"rendered":"\t\t<div data-elementor-type=\"wp-page\" data-elementor-id=\"5871\" class=\"elementor elementor-5871 elementor-1537\" data-elementor-settings=\"[]\">\n\t\t\t\t\t\t<div class=\"elementor-inner\">\n\t\t\t\t\t\t\t<div class=\"elementor-section-wrap\">\n\t\t\t\t\t\t\t<section class=\"elementor-section elementor-top-section elementor-element elementor-element-765dcd69 elementor-section-height-min-height hazu-inner-header elementor-section-boxed elementor-section-height-default elementor-section-items-middle\" data-id=\"765dcd69\" data-element_type=\"section\" data-settings=\"{&quot;background_background&quot;:&quot;classic&quot;}\">\n\t\t\t\t\t\t<div class=\"elementor-container elementor-column-gap-default\">\n\t\t\t\t\t\t\t<div class=\"elementor-row\">\n\t\t\t\t\t<div class=\"elementor-column elementor-col-100 elementor-top-column elementor-element elementor-element-3e6eb045\" data-id=\"3e6eb045\" data-element_type=\"column\">\n\t\t\t<div class=\"elementor-column-wrap elementor-element-populated\">\n\t\t\t\t\t\t\t<div class=\"elementor-widget-wrap\">\n\t\t\t\t\t\t<div class=\"elementor-element elementor-element-3ec06724 elementor-widget elementor-widget-heading\" data-id=\"3ec06724\" data-element_type=\"widget\" data-widget_type=\"heading.default\">\n\t\t\t\t<div class=\"elementor-widget-container\">\n\t\t\t<h1 class=\"elementor-heading-title elementor-size-default\">History<\/h1>\t\t<\/div>\n\t\t\t\t<\/div>\n\t\t\t\t<div class=\"elementor-element elementor-element-225e113a elementor-widget elementor-widget-text-editor\" data-id=\"225e113a\" data-element_type=\"widget\" data-widget_type=\"text-editor.default\">\n\t\t\t\t<div class=\"elementor-widget-container\">\n\t\t\t\t\t\t\t\t<div class=\"elementor-text-editor elementor-clearfix\">\n\t\t\t\t\t\t\t\t\t\t<\/div>\n\t\t\t\t\t\t<\/div>\n\t\t\t\t<\/div>\n\t\t\t\t\t\t<\/div>\n\t\t\t\t\t<\/div>\n\t\t<\/div>\n\t\t\t\t\t\t\t\t<\/div>\n\t\t\t\t\t<\/div>\n\t\t<\/section>\n\t\t\t\t<section class=\"elementor-section elementor-top-section elementor-element elementor-element-185bc338 elementor-section-boxed elementor-section-height-default elementor-section-height-default\" data-id=\"185bc338\" data-element_type=\"section\" data-settings=\"{&quot;background_background&quot;:&quot;classic&quot;}\">\n\t\t\t\t\t\t<div class=\"elementor-container elementor-column-gap-default\">\n\t\t\t\t\t\t\t<div class=\"elementor-row\">\n\t\t\t\t\t<div class=\"elementor-column elementor-col-50 elementor-top-column elementor-element elementor-element-23c1f652\" data-id=\"23c1f652\" data-element_type=\"column\">\n\t\t\t<div class=\"elementor-column-wrap elementor-element-populated\">\n\t\t\t\t\t\t\t<div class=\"elementor-widget-wrap\">\n\t\t\t\t\t\t<div class=\"elementor-element elementor-element-41c1a1c7 elementor-widget elementor-widget-text-editor\" data-id=\"41c1a1c7\" data-element_type=\"widget\" data-widget_type=\"text-editor.default\">\n\t\t\t\t<div class=\"elementor-widget-container\">\n\t\t\t\t\t\t\t\t<div class=\"elementor-text-editor elementor-clearfix\">\n\t\t\t\t\t<p><strong>THE STORY OF THE KING<\/strong><\/p><p><a href=\"https:\/\/www.info.hazu.hr\/wp-content\/uploads\/2021\/10\/Violina-King.jpg\"><img loading=\"lazy\" class=\"aligncenter wp-image-15275 size-large\" src=\"https:\/\/www.info.hazu.hr\/wp-content\/uploads\/2021\/10\/Violina-King-1024x804.jpg\" alt=\"\" width=\"800\" height=\"628\" srcset=\"https:\/\/www.info.hazu.hr\/wp-content\/uploads\/2021\/10\/Violina-King-1024x804.jpg 1024w, https:\/\/www.info.hazu.hr\/wp-content\/uploads\/2021\/10\/Violina-King-300x236.jpg 300w, https:\/\/www.info.hazu.hr\/wp-content\/uploads\/2021\/10\/Violina-King-768x603.jpg 768w, https:\/\/www.info.hazu.hr\/wp-content\/uploads\/2021\/10\/Violina-King.jpg 1056w\" sizes=\"(max-width: 800px) 100vw, 800px\" \/><\/a><\/p><p>The violin built by Giuseppe (II) Guarneri del Ges\u00f9 (1698-1744), known by the name KING GUARNERI, is an original masterpiece by the famous violin maker from Cremona, a collector\u2019s item of the greatest liutheric as well as cultural and historic value; it is, moreover, an instrument of extraordinary sound value.<\/p><p>The\u00a0<em>King<\/em>\u00a0was built in 1735 by Giuseppe Guarneri del Ges\u00f9 (who had been given the nickname\u00a0<em>del Ges\u00f9 \u2013 of Jesus<\/em> \u2013 because he would leave an engraved sign of cross inside each of his instruments), the best-known member of the famous family of violin makers. Among his 25 today known violins, the King is considered one of the best-preserved ones.<\/p><p>The Croatian Academy of Sciences and Arts has received into its possession the\u00a0<em>Guarneri King<\/em> violin (1735) by donation from Mr Zlatko Balokovi\u0107. This violin, thanks to its exceptional artistic characteristics, has been described as one of the nine most important masterpieces built by the Italian violin makers.<\/p><p>On 6th April 1968, Mrs Joyce Borden Balokovi\u0107, the wife of Mr Zlatko Balokovi\u0107, donated the King violin to the then Yugoslav Academy of Sciences and Arts, respecting the wish of her late husband, the famous Croatian violinist Zlatko Balokovi\u0107 (21st March 1895 \u2013 29th March 1965).<\/p><p><em>The King<\/em> violin is kept in a protected vault, in a special display case with an alarm system of its own, equipped with autonomous microclimate-regulating devices and additional cold-illumination equipment.<\/p><p>In 1994, this priceless regal violin was exhibited for three weeks at the Metropolitan Museum in New York, at the exhibition of Guarneri\u2019s 25 highest-quality violins; this exhibition was organised to mark the 250th anniversary of the violin maker, master Guarneri del Ges\u00f9\u2019s death (22nd November \u2013 4th December 1994, New York, Metropolitan Museum of Art, exhibition\u00a0<em>The Violin Masterpieces of Guarneri del Ges\u00f9<\/em>). The expert evaluation made on that occasion confirmed that the violin kept in Croatia \u2013 along with the violin used by Niccolo Paganini, kept in Genua \u2013 is the best instrument master Guarneri had ever built.<\/p><p><img class=\"aligncenter\" src=\"\/upload\/File\/2018-2\/violina-KING-svira.jpg\" alt=\"Guarnerijeva violina\" \/><\/p><blockquote><p><em>\u201cAfter the Christie\u2019s auction sale of the famous Goding collection in 1857, the \u201cKing\u201d was sold for \u0141240, the highest price paid for any violin at that sale (beating a fine Stradivari of 1722 bought by Vuillaume for \u0141200). The Goding collection included some of the greatest instruments known, and this del Ges\u00f9 was one of the jewels. The buyer was the Vicompte de Janze, and from him the violin passed to Eric A. Rose, by whose name it is recorded in the Hill book on the Guarneri family. The Hills also refer to it by the title \u201cKing\u201d, but it is not known when this came into use. Another del Ges\u00f9 (the 1737 \u201cKing Joseph\u201d) shares the same name, but which is the pretender to the throne is unclear. The 1735 \u201cKing\u201d was purchased from Rose by Zlatko Balokovic, the renowned Croatian violinist. Balokovic bequeathed the violin to the Academy of Arts and Sciences in Zagreb, the capital of Croatia, where it has remained since his death in 1965.\u201d<br \/>\u201cThe \u201cKing\u201d fully deserves its title, even among the other wonderful instruments, the \u201cD\u2019Egville\u201d and \u201cPlowden\u201d, made in the same year. Slightly bolder than either of these in form, the beautifully preserved edges are broad, and the delicately cut corners longer than usual. The soundholes have a particularly regal bearing, set upright on the front, recalling the \u201cKreisler\u201d but with a more open cut. The beautiful flames of the back have a sharp, downward slope, and seem to match the wood of the \u201cD\u2019Egville\u201d where the slope is inverted. The violin is in virtually flawless condition, and is plentifully covered with a fine intensely rich varnish.\u201d<\/em><\/p><p><em>\u201cBIBLIOGRAPHY\u201d<\/em><br \/><em>\u201cHill, W.H., A.F. and A.E., The Violin Makers of the Guarneri Family,<\/em><br \/><em>W.E. Hill &amp; Sons (London, 1931);<\/em><br \/><em>reprinted by Dover Books (New York, 1991)\u201d<\/em><br \/><em>\u201c[36]\u201d<\/em><\/p><\/blockquote>\t\t\t\t\t<\/div>\n\t\t\t\t\t\t<\/div>\n\t\t\t\t<\/div>\n\t\t\t\t\t\t<\/div>\n\t\t\t\t\t<\/div>\n\t\t<\/div>\n\t\t\t\t<div class=\"elementor-column elementor-col-50 elementor-top-column elementor-element elementor-element-644b72ae\" data-id=\"644b72ae\" data-element_type=\"column\">\n\t\t\t<div class=\"elementor-column-wrap elementor-element-populated\">\n\t\t\t\t\t\t\t<div class=\"elementor-widget-wrap\">\n\t\t\t\t\t\t<div class=\"elementor-element elementor-element-3bdf4b7b elementor-widget elementor-widget-heading\" data-id=\"3bdf4b7b\" data-element_type=\"widget\" data-widget_type=\"heading.default\">\n\t\t\t\t<div class=\"elementor-widget-container\">\n\t\t\t<h2 class=\"elementor-heading-title elementor-size-default\">Navigation<\/h2>\t\t<\/div>\n\t\t\t\t<\/div>\n\t\t\t\t<div class=\"elementor-element elementor-element-292699aa elementor-widget elementor-widget-shortcode\" data-id=\"292699aa\" data-element_type=\"widget\" data-widget_type=\"shortcode.default\">\n\t\t\t\t<div class=\"elementor-widget-container\">\n\t\t\t\t\t<div class=\"elementor-shortcode\">\r\n\r\n<ul class=\"hazu-razred-nav pages\">\r\n\r\n    \r\n\r\n<\/ul><\/div>\n\t\t\t\t<\/div>\n\t\t\t\t<\/div>\n\t\t\t\t\t\t<\/div>\n\t\t\t\t\t<\/div>\n\t\t<\/div>\n\t\t\t\t\t\t\t\t<\/div>\n\t\t\t\t\t<\/div>\n\t\t<\/section>\n\t\t\t\t\t\t<\/div>\n\t\t\t\t\t\t<\/div>\n\t\t\t\t\t<\/div>\n\t\t","protected":false},"excerpt":{"rendered":"<p>History THE STORY OF THE KING The violin built by Giuseppe (II) Guarneri del Ges\u00f9 (1698-1744), known by the name KING GUARNERI, is an original masterpiece by the famous violin maker from Cremona, a collector\u2019s item of the greatest liutheric as well as cultural and historic value; it is, moreover, an instrument of extraordinary sound [&hellip;]<\/p>\n","protected":false},"author":2,"featured_media":0,"parent":5674,"menu_order":132,"comment_status":"closed","ping_status":"closed","template":"elementor_header_footer","meta":[],"_links":{"self":[{"href":"https:\/\/www.info.hazu.hr\/en\/wp-json\/wp\/v2\/pages\/5871"}],"collection":[{"href":"https:\/\/www.info.hazu.hr\/en\/wp-json\/wp\/v2\/pages"}],"about":[{"href":"https:\/\/www.info.hazu.hr\/en\/wp-json\/wp\/v2\/types\/page"}],"author":[{"embeddable":true,"href":"https:\/\/www.info.hazu.hr\/en\/wp-json\/wp\/v2\/users\/2"}],"replies":[{"embeddable":true,"href":"https:\/\/www.info.hazu.hr\/en\/wp-json\/wp\/v2\/comments?post=5871"}],"version-history":[{"count":7,"href":"https:\/\/www.info.hazu.hr\/en\/wp-json\/wp\/v2\/pages\/5871\/revisions"}],"predecessor-version":[{"id":15281,"href":"https:\/\/www.info.hazu.hr\/en\/wp-json\/wp\/v2\/pages\/5871\/revisions\/15281"}],"up":[{"embeddable":true,"href":"https:\/\/www.info.hazu.hr\/en\/wp-json\/wp\/v2\/pages\/5674"}],"wp:attachment":[{"href":"https:\/\/www.info.hazu.hr\/en\/wp-json\/wp\/v2\/media?parent=5871"}],"curies":[{"name":"wp","href":"https:\/\/api.w.org\/{rel}","templated":true}]}}