{"id":5868,"date":"2021-02-09T11:51:29","date_gmt":"2021-02-09T10:51:29","guid":{"rendered":"https:\/\/www.info.hazu.hr\/povijest\/narodni-dom\/"},"modified":"2021-10-22T09:40:46","modified_gmt":"2021-10-22T07:40:46","slug":"narodni-dom","status":"publish","type":"page","link":"https:\/\/www.info.hazu.hr\/en\/povijest\/narodni-dom\/","title":{"rendered":"National Hall"},"content":{"rendered":"\t\t<div data-elementor-type=\"wp-page\" data-elementor-id=\"5868\" class=\"elementor elementor-5868 elementor-1531\" data-elementor-settings=\"[]\">\n\t\t\t\t\t\t<div class=\"elementor-inner\">\n\t\t\t\t\t\t\t<div class=\"elementor-section-wrap\">\n\t\t\t\t\t\t\t<section class=\"elementor-section elementor-top-section elementor-element elementor-element-6d12efcf elementor-section-height-min-height hazu-inner-header elementor-section-boxed elementor-section-height-default elementor-section-items-middle\" data-id=\"6d12efcf\" data-element_type=\"section\" data-settings=\"{&quot;background_background&quot;:&quot;classic&quot;}\">\n\t\t\t\t\t\t<div class=\"elementor-container elementor-column-gap-default\">\n\t\t\t\t\t\t\t<div class=\"elementor-row\">\n\t\t\t\t\t<div class=\"elementor-column elementor-col-100 elementor-top-column elementor-element elementor-element-5b252ac3\" data-id=\"5b252ac3\" data-element_type=\"column\">\n\t\t\t<div class=\"elementor-column-wrap elementor-element-populated\">\n\t\t\t\t\t\t\t<div class=\"elementor-widget-wrap\">\n\t\t\t\t\t\t<div class=\"elementor-element elementor-element-bc0cac1 elementor-widget elementor-widget-heading\" data-id=\"bc0cac1\" data-element_type=\"widget\" data-widget_type=\"heading.default\">\n\t\t\t\t<div class=\"elementor-widget-container\">\n\t\t\t<h1 class=\"elementor-heading-title elementor-size-default\">History<\/h1>\t\t<\/div>\n\t\t\t\t<\/div>\n\t\t\t\t<div class=\"elementor-element elementor-element-23218386 elementor-widget elementor-widget-text-editor\" data-id=\"23218386\" data-element_type=\"widget\" data-widget_type=\"text-editor.default\">\n\t\t\t\t<div class=\"elementor-widget-container\">\n\t\t\t\t\t\t\t\t<div class=\"elementor-text-editor elementor-clearfix\">\n\t\t\t\t\t\t\t\t\t\t<\/div>\n\t\t\t\t\t\t<\/div>\n\t\t\t\t<\/div>\n\t\t\t\t\t\t<\/div>\n\t\t\t\t\t<\/div>\n\t\t<\/div>\n\t\t\t\t\t\t\t\t<\/div>\n\t\t\t\t\t<\/div>\n\t\t<\/section>\n\t\t\t\t<section class=\"elementor-section elementor-top-section elementor-element elementor-element-50e54682 elementor-section-boxed elementor-section-height-default elementor-section-height-default\" data-id=\"50e54682\" data-element_type=\"section\" data-settings=\"{&quot;background_background&quot;:&quot;classic&quot;}\">\n\t\t\t\t\t\t<div class=\"elementor-container elementor-column-gap-default\">\n\t\t\t\t\t\t\t<div class=\"elementor-row\">\n\t\t\t\t\t<div class=\"elementor-column elementor-col-50 elementor-top-column elementor-element elementor-element-515da626\" data-id=\"515da626\" data-element_type=\"column\">\n\t\t\t<div class=\"elementor-column-wrap elementor-element-populated\">\n\t\t\t\t\t\t\t<div class=\"elementor-widget-wrap\">\n\t\t\t\t\t\t<div class=\"elementor-element elementor-element-5e5b8995 elementor-widget elementor-widget-text-editor\" data-id=\"5e5b8995\" data-element_type=\"widget\" data-widget_type=\"text-editor.default\">\n\t\t\t\t<div class=\"elementor-widget-container\">\n\t\t\t\t\t\t\t\t<div class=\"elementor-text-editor elementor-clearfix\">\n\t\t\t\t\t<p><strong>THE ORIGINAL SEAT OF THE ACADEMY<\/strong><\/p><p>The mansion today known as the National Hall, located in Opati\u010dka 18, originally housed a convent of the Poor Clares. After the order had been disbanded in 1782, the building was left to decay. It was subsequently renovated in the neo-Classicist style, with an ornamental fa\u00e7ade and an impressive classicist interior, in order to serve as the Dra\u0161kovi\u0107 family mansion in 1843. The Dra\u0161kovi\u0107 family never fully settled in their newly-built home and therefore quickly sold it under favourable conditions to the leaders of the Croatian National Revival. Thus, the mansion was turned from a family mansion into the National Hall. Its central space was a newly-built luxurious stateroom, which was known by several names (the Casino, the National Stateroom, the Stateroom of Zagreb, the Illyrian Stateroom or, more recently, the Revival Stateroom). It was the venue of numerous balls and great historic events. On 25th March 1848, for instance, it witnessed the announcement of the \u201cnational demands\u201d, which, among other things, asked for national independence and the unification of all the Croatian lands. Eventually, the building itself began to be referred to as the Stateroom.<\/p><p><img class=\"aligncenter\" src=\"\/upload\/File\/2018-2\/NARODNI-DOM-002,-zgrada.jpg\" alt=\"\" \/><\/p><p>In 1868, the National Hall became the seat of the Croatian Academy of Sciences and Arts. After the Academy had moved into a new building on Zrinski Square in 1880, the Supreme Court was transferred to the National Hall, which had been state-owned since 1878. The Supreme Court used the building until the end of the Second World War, when it was returned to the Academy. The magnificence of the mansion and particularly of the stateroom, which was remodelled into offices, had faded during the years. It was returned to its original state in 1994, when its latest renovations were completed. Today, the mansion seats the Institute of the History of the Croatian Literature, Theatre and Music of the Croatian Academy of Sciences and Arts.<\/p><p><a href=\"https:\/\/www.info.hazu.hr\/wp-content\/uploads\/2021\/10\/Preporodna-dvorana.jpg\"><img loading=\"lazy\" class=\"aligncenter wp-image-15198 size-large\" src=\"https:\/\/www.info.hazu.hr\/wp-content\/uploads\/2021\/10\/Preporodna-dvorana-1024x590.jpg\" alt=\"\" width=\"800\" height=\"461\" srcset=\"https:\/\/www.info.hazu.hr\/wp-content\/uploads\/2021\/10\/Preporodna-dvorana-1024x590.jpg 1024w, https:\/\/www.info.hazu.hr\/wp-content\/uploads\/2021\/10\/Preporodna-dvorana-300x173.jpg 300w, https:\/\/www.info.hazu.hr\/wp-content\/uploads\/2021\/10\/Preporodna-dvorana-768x443.jpg 768w, https:\/\/www.info.hazu.hr\/wp-content\/uploads\/2021\/10\/Preporodna-dvorana.jpg 1195w\" sizes=\"(max-width: 800px) 100vw, 800px\" \/><\/a><\/p><p>\u00a0<\/p>\t\t\t\t\t<\/div>\n\t\t\t\t\t\t<\/div>\n\t\t\t\t<\/div>\n\t\t\t\t\t\t<\/div>\n\t\t\t\t\t<\/div>\n\t\t<\/div>\n\t\t\t\t<div class=\"elementor-column elementor-col-50 elementor-top-column elementor-element elementor-element-28ae3de9\" data-id=\"28ae3de9\" data-element_type=\"column\">\n\t\t\t<div class=\"elementor-column-wrap elementor-element-populated\">\n\t\t\t\t\t\t\t<div class=\"elementor-widget-wrap\">\n\t\t\t\t\t\t<div class=\"elementor-element elementor-element-3b16afb elementor-widget elementor-widget-heading\" data-id=\"3b16afb\" data-element_type=\"widget\" data-widget_type=\"heading.default\">\n\t\t\t\t<div class=\"elementor-widget-container\">\n\t\t\t<h2 class=\"elementor-heading-title elementor-size-default\">Navigation<\/h2>\t\t<\/div>\n\t\t\t\t<\/div>\n\t\t\t\t<div class=\"elementor-element elementor-element-26dea6eb elementor-widget elementor-widget-shortcode\" data-id=\"26dea6eb\" data-element_type=\"widget\" data-widget_type=\"shortcode.default\">\n\t\t\t\t<div class=\"elementor-widget-container\">\n\t\t\t\t\t<div class=\"elementor-shortcode\">\r\n\r\n<ul class=\"hazu-razred-nav pages\">\r\n\r\n    \r\n\r\n<\/ul><\/div>\n\t\t\t\t<\/div>\n\t\t\t\t<\/div>\n\t\t\t\t\t\t<\/div>\n\t\t\t\t\t<\/div>\n\t\t<\/div>\n\t\t\t\t\t\t\t\t<\/div>\n\t\t\t\t\t<\/div>\n\t\t<\/section>\n\t\t\t\t\t\t<\/div>\n\t\t\t\t\t\t<\/div>\n\t\t\t\t\t<\/div>\n\t\t","protected":false},"excerpt":{"rendered":"<p>History THE ORIGINAL SEAT OF THE ACADEMY The mansion today known as the National Hall, located in Opati\u010dka 18, originally housed a convent of the Poor Clares. After the order had been disbanded in 1782, the building was left to decay. It was subsequently renovated in the neo-Classicist style, with an ornamental fa\u00e7ade and an [&hellip;]<\/p>\n","protected":false},"author":2,"featured_media":0,"parent":5674,"menu_order":131,"comment_status":"closed","ping_status":"closed","template":"elementor_header_footer","meta":[],"_links":{"self":[{"href":"https:\/\/www.info.hazu.hr\/en\/wp-json\/wp\/v2\/pages\/5868"}],"collection":[{"href":"https:\/\/www.info.hazu.hr\/en\/wp-json\/wp\/v2\/pages"}],"about":[{"href":"https:\/\/www.info.hazu.hr\/en\/wp-json\/wp\/v2\/types\/page"}],"author":[{"embeddable":true,"href":"https:\/\/www.info.hazu.hr\/en\/wp-json\/wp\/v2\/users\/2"}],"replies":[{"embeddable":true,"href":"https:\/\/www.info.hazu.hr\/en\/wp-json\/wp\/v2\/comments?post=5868"}],"version-history":[{"count":9,"href":"https:\/\/www.info.hazu.hr\/en\/wp-json\/wp\/v2\/pages\/5868\/revisions"}],"predecessor-version":[{"id":15248,"href":"https:\/\/www.info.hazu.hr\/en\/wp-json\/wp\/v2\/pages\/5868\/revisions\/15248"}],"up":[{"embeddable":true,"href":"https:\/\/www.info.hazu.hr\/en\/wp-json\/wp\/v2\/pages\/5674"}],"wp:attachment":[{"href":"https:\/\/www.info.hazu.hr\/en\/wp-json\/wp\/v2\/media?parent=5868"}],"curies":[{"name":"wp","href":"https:\/\/api.w.org\/{rel}","templated":true}]}}