{"id":5852,"date":"2021-02-09T11:32:38","date_gmt":"2021-02-09T10:32:38","guid":{"rendered":"https:\/\/www.info.hazu.hr\/povijest\/osnutak-akademije\/"},"modified":"2021-03-19T16:18:25","modified_gmt":"2021-03-19T15:18:25","slug":"osnutak-akademije","status":"publish","type":"page","link":"https:\/\/www.info.hazu.hr\/en\/povijest\/osnutak-akademije\/","title":{"rendered":"Founding of the Academy"},"content":{"rendered":"\t\t<div data-elementor-type=\"wp-page\" data-elementor-id=\"5852\" class=\"elementor elementor-5852 elementor-1501\" data-elementor-settings=\"[]\">\n\t\t\t\t\t\t<div class=\"elementor-inner\">\n\t\t\t\t\t\t\t<div class=\"elementor-section-wrap\">\n\t\t\t\t\t\t\t<section class=\"elementor-section elementor-top-section elementor-element elementor-element-4f34c3cf elementor-section-height-min-height hazu-inner-header elementor-section-boxed elementor-section-height-default elementor-section-items-middle\" data-id=\"4f34c3cf\" data-element_type=\"section\" data-settings=\"{&quot;background_background&quot;:&quot;classic&quot;}\">\n\t\t\t\t\t\t<div class=\"elementor-container elementor-column-gap-default\">\n\t\t\t\t\t\t\t<div class=\"elementor-row\">\n\t\t\t\t\t<div class=\"elementor-column elementor-col-100 elementor-top-column elementor-element elementor-element-68f7ae80\" data-id=\"68f7ae80\" data-element_type=\"column\">\n\t\t\t<div class=\"elementor-column-wrap elementor-element-populated\">\n\t\t\t\t\t\t\t<div class=\"elementor-widget-wrap\">\n\t\t\t\t\t\t<div class=\"elementor-element elementor-element-66049702 elementor-widget elementor-widget-heading\" data-id=\"66049702\" data-element_type=\"widget\" data-widget_type=\"heading.default\">\n\t\t\t\t<div class=\"elementor-widget-container\">\n\t\t\t<h1 class=\"elementor-heading-title elementor-size-default\">Founding of the Academy<\/h1>\t\t<\/div>\n\t\t\t\t<\/div>\n\t\t\t\t<div class=\"elementor-element elementor-element-28b0cac6 elementor-widget elementor-widget-text-editor\" data-id=\"28b0cac6\" data-element_type=\"widget\" data-widget_type=\"text-editor.default\">\n\t\t\t\t<div class=\"elementor-widget-container\">\n\t\t\t\t\t\t\t\t<div class=\"elementor-text-editor elementor-clearfix\">\n\t\t\t\t\t\t\t\t\t\t<\/div>\n\t\t\t\t\t\t<\/div>\n\t\t\t\t<\/div>\n\t\t\t\t\t\t<\/div>\n\t\t\t\t\t<\/div>\n\t\t<\/div>\n\t\t\t\t\t\t\t\t<\/div>\n\t\t\t\t\t<\/div>\n\t\t<\/section>\n\t\t\t\t<section class=\"elementor-section elementor-top-section elementor-element elementor-element-75bbe1d1 elementor-section-boxed elementor-section-height-default elementor-section-height-default\" data-id=\"75bbe1d1\" data-element_type=\"section\" data-settings=\"{&quot;background_background&quot;:&quot;classic&quot;}\">\n\t\t\t\t\t\t<div class=\"elementor-container elementor-column-gap-default\">\n\t\t\t\t\t\t\t<div class=\"elementor-row\">\n\t\t\t\t\t<div class=\"elementor-column elementor-col-50 elementor-top-column elementor-element elementor-element-4384772d\" data-id=\"4384772d\" data-element_type=\"column\">\n\t\t\t<div class=\"elementor-column-wrap elementor-element-populated\">\n\t\t\t\t\t\t\t<div class=\"elementor-widget-wrap\">\n\t\t\t\t\t\t<div class=\"elementor-element elementor-element-2f042334 elementor-widget elementor-widget-text-editor\" data-id=\"2f042334\" data-element_type=\"widget\" data-widget_type=\"text-editor.default\">\n\t\t\t\t<div class=\"elementor-widget-container\">\n\t\t\t\t\t\t\t\t<div class=\"elementor-text-editor elementor-clearfix\">\n\t\t\t\t\t<p>In 1860, Josip Juraj Strossmayer, bishop of \u0110akovo and Srijem, took action to found a South Slavic Academy in Zagreb. He presented Josip \u0160ok\u010devi\u0107, the ban (Vice-Roy of Croatia), with a 50,000 florin endowment for the founding of the Academy. He also sent a letter expressing his wish that the Academy should \u201c<em>bring together the best minds (&#8230;)\u00a0<\/em><em>and find a way in which books in the national languages could be produced in the Slavic South; the Academy should also take under its aegis all the areas of human science<\/em>\u201d.<\/p>\n<p><img class=\"aligncenter\" src=\"\/upload\/Image\/slike_stranica\/HAZU-zgrada-002-sa-zastavama.jpg\" alt=\"Palaca Hrvatske akademije znanosti i umjetnosti\" \/><\/p>\n<p class=\"p_for_picture\" align=\"center\">The facade of the Croatian Academy of Sciences and Arts palace Zagreb<\/p>\n<p>The Academy issue was officially raised by Bishop Strossmayer at the Croatian Parliament session held on 29 April 1861.\u00a0<strong>(today THE DAY OF THE CROATIAN ACADEMY OF SCIENCES AND ARTS)\u00a0<\/strong>Following the bishop&#8217;s proposal, the Parliament immediately elected a committee to draw up a statute for the Academy, and define its aims and organization. It was only five years later, on 4 March 1866, that the rules of the Academy, in a considerably changed form, were finally confirmed by Francis Joseph I, Emperor of Austria and King of Hungary. These remained unchanged until the beginning of World War II. During the existence of the Independent State of Croatia (1941-1945), the name of the Academy was changed to the Croatian Academy of Sciences and Arts; in the Socialist Republic of Croatia it resumed its activities under the former name of the Yugoslav Academy of Sciences and Arts.<\/p>\n<p><img class=\"aligncenter\" src=\"\/upload\/File\/2018-2\/Ploca-podrum.jpg\" alt=\"Pala\u010da Narodnoga doma, prvo Akademijino sjedi\u0161te\" \/><\/p>\n<p class=\"p_for_picture\" align=\"center\">Memorial plaque to the construction of the Academic Palace on Zrinjevac<\/p>\n<p>After the establishment of the independent and democratic Republic of Croatia, a bill concerning the Croatian Academy was proposed by the Academy. The new Croatian Academy Act was passed by the Croatian Parliament on 26 June 1991, confirming the importance of all the activities of the highest institution of sciences and arts in the Republic of Croatia.<br \/>\nAlthough the first act concerning the founding of the Academy in Zagreb was passed by the Croatian Parliament as soon as in 1861, its establishment was actually ratified only when its rules, which had been proposed by the Croatian Parliament in changed form as required by the Austrian authorities, were confirmed by the Emperor in his letter of 4 March 1866. After that, the Parliament proposed the first sixteen members of the Academy. In this way, the Academy was finally constituted, both actually and legally. Bishop Strossmayer was elected patron of the Academy, and Franjo Ra\u010dki, a distinguished Croatian historian, its first president.<\/p>\n<p>Under Strossmayer and Ra\u010dki, the Academy became an eminent institution of learning, which collaborated with well-established European academies. Strossmayer called the Academy Yugoslav (meaning &#8216;Southern Slav&#8217;) because he wanted to promote the development of sciences and culture of all the South Slavic nations, including the Bulgarians. The Academy in Zagreb, however, has always been Croatian in its membership and its activities. Besides, soon after the foundation of the Zagreb Academy, the Serbian and Bulgarian Academies were established, so that the idea that the Academy in Zagreb was an institution which could bring together all the South Slavic nations became impracticable. All the publishing activities of Zagreb&#8217;s Academy have been primarily and permanently focused on the study of Croatian history, culture, language, and natural heritage.<\/p>\n<p>Franjo Ra\u010dki, the first president of the Academy, was an excellent organizer of scientific work. He initiated and edited a number of the Academy&#8217;s editions and publications. The first issue of the scholarly periodical Rad (Monographs) was published already in 1867. All of the Academy&#8217;s departments contributed to this periodical until its sixtieth issue in 1882. After that, several departments began to publish their own series of Rad. With 496 volumes published up to the present day, it is the largest series among the Academy&#8217;s publications.<\/p>\n<p><img class=\"aligncenter\" src=\"\/upload\/image\/slike_stranica\/o_akademiji\/sv_dvorana.JPG\" alt=\"Sve\u010dana dvorana pala\u010de Hrvatske akademije\" \/><\/p>\n<p class=\"p_for_picture\" align=\"center\">Reception rooms in the palace of the Croatian Academy<\/p>\n<p>The first volume of\u00a0<em>Ljetopis<\/em>\u00a0(Annals) was published in 1887, and it soon became one of the regular annual publications of the Academy, as well as its administrative messenger. One hundred and nine volumes of\u00a0<em>Ljetopis<\/em>\u00a0have been published so far. Since the study of Croatian history remained for a long time the main task of the Academy, the number of publications in this field increased considerably. As early as 1868, the Academy came out with the first volume of the\u00a0<em>Monumenta spectantia historiam Slavorum meridionalium<\/em>, a series which publishes larger excerpts from archival documents (53 volumes have appeared to date).\u00a0<em>Starine<\/em>\u00a0(Antiquities), a series consisting mainly of fragmentary archival materials dealing with Croatian political and literary history, was first published in 1869. These main editions were divided into series, such as\u00a0<em>Monumenta Ragusina<\/em>,\u00a0<em>Spomenici Hrvatske krajine<\/em>\u00a0(Documents of the Croatian Frontier-Zone), and\u00a0<em>Scriptores<\/em>, selected works of early Croatian historians. Statutes of Dalmatian towns, feudal laws and early acts written in Croatian have been published in the series\u00a0<em>Monumenta historico-iuridica<\/em>\u00a0(13 volumes).\u00a0<em>Zbornik za narodni \u017eivot i obi\u010daje Ju\u017enih Slavena<\/em>\u00a0(Collection on the Folk Life and Customs of the Southern Slavs) was first published in 1896, and 54 volumes have been published so far.<br \/>\nAmong the most important of the Academy&#8217;s numerous publications are:\u00a0<em>Gra\u0111a za povijest knji\u017eevnosti hrvatske<\/em>\u00a0(Documents for the History of the Croatian literature, 35 volumes);\u00a0<em>Diplomati\u010dki zbornik Kraljevine Hrvatske, Dalmacije i Slavonije<\/em>\u00a0(The Diplomatic Codex of the Kingdom of Croatia, Dalmatia and Slavonia, 19 volumes);\u00a0<em>Noviji pisci hrvatski<\/em>\u00a0(Modern Croatian Writers, 12 volumes);\u00a0<em>Hrvatski latinisti<\/em>\u00a0(Croatian Latinists, 11 volumes);\u00a0<em>Gra\u0111a za gospodarsku povijest Hrvatske<\/em>\u00a0(Documents for the Economic History of Croatia, 21 volumes);\u00a0<em>Djela<\/em>\u00a0(Works, 80 volumes), series in which monographs on Croatia&#8217;s country, history and language are published;\u00a0<em>Prirodoslovna istra\u017eivanja<\/em>\u00a0(Natural History Studies, 107 volumes);\u00a0<em>Pomorsko pravo<\/em>\u00a0(Maritime Law, 10 volumes);\u00a0<em>Gra\u0111a za pomorsku povijest Dubrovnika<\/em>\u00a0(Documents for the Naval History of Dubrovnik, 6 volumes);\u00a0<em>Problemi sjevernog Jadrana<\/em> (The Northern Adriatic Issues, 8 volumes), etc.<\/p>\n<p>The Croatian Academy of Sciences and Arts has organized over one hundred scientific meetings and conferences, evaluating works of important Croats throughout history. In addition, it has organized a number of symposia focusing on the history and economic development of Croatian regions, cities and towns, as well as on the problems of Croatia&#8217;s development. The Academy has published the following dictionaries: Ma\u017eurani\u0107&#8217;s\u00a0<em>Prinosi za hrvatski pravno-povijesni rje\u010dnik<\/em>\u00a0(Contributions for a Croatian Historical Dictionary, 11 volumes), Bene\u0161i\u0107&#8217;s\u00a0<em>Rje\u010dnik hrvatskog knji\u017eevnog jezika od preporoda do l. G. Kova\u010di\u0107a<\/em>\u00a0(Dictionary of the Croatian Literary Language from the National Revival to I. G. Kova\u010di\u0107, in 12 volumes), and R<em>je\u010dnik hrvatskoga kajkavskog knji\u017eevnog jezika<\/em>\u00a0(Dictionary of Croatian Literary Kajkavian, 10 volumes). The work on the large\u00a0<em>Rje\u010dnik hrvatskog ili srpskog jezika<\/em> (Dictionary of the Croatian or Serbian Language, 97 volumes) went on for almost one hundred years.<\/p>\n<p>Bishop Strossmayer initiated the construction of the Academy Palace on Zrinjevac, where he wanted to situate his gallery of paintings as well. The construction of the neo-Renaissance palace in Florentine style, as had been Strossmayer&#8217;s wish, began in August 1877, and it was completed in the summer of 1880. A quarter of the sum necessary to build the palace was donated by Strossmayer. Four years later, the Academy received the greatest of its patron&#8217;s donations: a collection of 256 works of art, mostly paintings (235) belonging to various Italian schools.\u00a0The Strossmayer Gallery of Old Masters\u00a0was opened in the Palace of the Academy on 9 November 1884 in the presence of Strossmayer himself.<\/p>\n<p><img class=\"aligncenter\" src=\"\/upload\/image\/slike_stranica\/o_akademiji\/bascanska.JPG\" alt=\"Ba\u0161\u010danska plo\u010da\" \/><\/p>\n<p class=\"p_for_picture\" align=\"center\">Ba\u0161ka tablet, one of the oldest stone inscriptions in the Croatian language written in the Glagolitic alphabet,<br \/>\ntransition XI. in XII. century, is kept in the Atrium of the Academy<\/p>\n\t\t\t\t\t<\/div>\n\t\t\t\t\t\t<\/div>\n\t\t\t\t<\/div>\n\t\t\t\t\t\t<\/div>\n\t\t\t\t\t<\/div>\n\t\t<\/div>\n\t\t\t\t<div class=\"elementor-column elementor-col-50 elementor-top-column elementor-element elementor-element-585b9906\" data-id=\"585b9906\" data-element_type=\"column\">\n\t\t\t<div class=\"elementor-column-wrap elementor-element-populated\">\n\t\t\t\t\t\t\t<div class=\"elementor-widget-wrap\">\n\t\t\t\t\t\t<div class=\"elementor-element elementor-element-3a22e9a1 elementor-widget elementor-widget-heading\" data-id=\"3a22e9a1\" data-element_type=\"widget\" data-widget_type=\"heading.default\">\n\t\t\t\t<div class=\"elementor-widget-container\">\n\t\t\t<h2 class=\"elementor-heading-title elementor-size-default\">Navigation<\/h2>\t\t<\/div>\n\t\t\t\t<\/div>\n\t\t\t\t<div class=\"elementor-element elementor-element-489cd3ae elementor-widget elementor-widget-shortcode\" data-id=\"489cd3ae\" data-element_type=\"widget\" data-widget_type=\"shortcode.default\">\n\t\t\t\t<div class=\"elementor-widget-container\">\n\t\t\t\t\t<div class=\"elementor-shortcode\">\r\n\r\n<ul class=\"hazu-razred-nav pages\">\r\n\r\n    \r\n\r\n<\/ul><\/div>\n\t\t\t\t<\/div>\n\t\t\t\t<\/div>\n\t\t\t\t\t\t<\/div>\n\t\t\t\t\t<\/div>\n\t\t<\/div>\n\t\t\t\t\t\t\t\t<\/div>\n\t\t\t\t\t<\/div>\n\t\t<\/section>\n\t\t\t\t\t\t<\/div>\n\t\t\t\t\t\t<\/div>\n\t\t\t\t\t<\/div>\n\t\t","protected":false},"excerpt":{"rendered":"<p>Founding of the Academy In 1860, Josip Juraj Strossmayer, bishop of \u0110akovo and Srijem, took action to found a South Slavic Academy in Zagreb. He presented Josip \u0160ok\u010devi\u0107, the ban (Vice-Roy of Croatia), with a 50,000 florin endowment for the founding of the Academy. He also sent a letter expressing his wish that the Academy [&hellip;]<\/p>\n","protected":false},"author":2,"featured_media":0,"parent":5674,"menu_order":52,"comment_status":"closed","ping_status":"closed","template":"elementor_header_footer","meta":[],"_links":{"self":[{"href":"https:\/\/www.info.hazu.hr\/en\/wp-json\/wp\/v2\/pages\/5852"}],"collection":[{"href":"https:\/\/www.info.hazu.hr\/en\/wp-json\/wp\/v2\/pages"}],"about":[{"href":"https:\/\/www.info.hazu.hr\/en\/wp-json\/wp\/v2\/types\/page"}],"author":[{"embeddable":true,"href":"https:\/\/www.info.hazu.hr\/en\/wp-json\/wp\/v2\/users\/2"}],"replies":[{"embeddable":true,"href":"https:\/\/www.info.hazu.hr\/en\/wp-json\/wp\/v2\/comments?post=5852"}],"version-history":[{"count":0,"href":"https:\/\/www.info.hazu.hr\/en\/wp-json\/wp\/v2\/pages\/5852\/revisions"}],"up":[{"embeddable":true,"href":"https:\/\/www.info.hazu.hr\/en\/wp-json\/wp\/v2\/pages\/5674"}],"wp:attachment":[{"href":"https:\/\/www.info.hazu.hr\/en\/wp-json\/wp\/v2\/media?parent=5852"}],"curies":[{"name":"wp","href":"https:\/\/api.w.org\/{rel}","templated":true}]}}