{"id":5805,"date":"2021-03-18T10:37:47","date_gmt":"2021-03-18T09:37:47","guid":{"rendered":"https:\/\/www.info.hazu.hr\/uprava\/"},"modified":"2022-02-09T15:08:25","modified_gmt":"2022-02-09T14:08:25","slug":"uprava","status":"publish","type":"page","link":"https:\/\/www.info.hazu.hr\/en\/uprava\/","title":{"rendered":"Academy Management"},"content":{"rendered":"\t\t<div data-elementor-type=\"wp-page\" data-elementor-id=\"5805\" class=\"elementor elementor-5805 elementor-4905\" data-elementor-settings=\"[]\">\n\t\t\t\t\t\t<div class=\"elementor-inner\">\n\t\t\t\t\t\t\t<div class=\"elementor-section-wrap\">\n\t\t\t\t\t\t\t<section class=\"elementor-section elementor-top-section elementor-element elementor-element-5466198e elementor-section-height-min-height hazu-inner-header elementor-section-boxed elementor-section-height-default elementor-section-items-middle\" data-id=\"5466198e\" data-element_type=\"section\" data-settings=\"{&quot;background_background&quot;:&quot;classic&quot;}\">\n\t\t\t\t\t\t<div class=\"elementor-container elementor-column-gap-default\">\n\t\t\t\t\t\t\t<div class=\"elementor-row\">\n\t\t\t\t\t<div class=\"elementor-column elementor-col-100 elementor-top-column elementor-element elementor-element-64ce935f\" data-id=\"64ce935f\" data-element_type=\"column\">\n\t\t\t<div class=\"elementor-column-wrap elementor-element-populated\">\n\t\t\t\t\t\t\t<div class=\"elementor-widget-wrap\">\n\t\t\t\t\t\t<div class=\"elementor-element elementor-element-7f474ceb elementor-widget elementor-widget-heading\" data-id=\"7f474ceb\" data-element_type=\"widget\" data-widget_type=\"heading.default\">\n\t\t\t\t<div class=\"elementor-widget-container\">\n\t\t\t<h1 class=\"elementor-heading-title elementor-size-default\">ACADEMY ADMINISTRATION<\/h1>\t\t<\/div>\n\t\t\t\t<\/div>\n\t\t\t\t<div class=\"elementor-element elementor-element-59f6e17d elementor-widget elementor-widget-text-editor\" data-id=\"59f6e17d\" data-element_type=\"widget\" data-widget_type=\"text-editor.default\">\n\t\t\t\t<div class=\"elementor-widget-container\">\n\t\t\t\t\t\t\t\t<div class=\"elementor-text-editor elementor-clearfix\">\n\t\t\t\t\t\t\t\t\t\t<\/div>\n\t\t\t\t\t\t<\/div>\n\t\t\t\t<\/div>\n\t\t\t\t\t\t<\/div>\n\t\t\t\t\t<\/div>\n\t\t<\/div>\n\t\t\t\t\t\t\t\t<\/div>\n\t\t\t\t\t<\/div>\n\t\t<\/section>\n\t\t\t\t<section class=\"elementor-section elementor-top-section elementor-element elementor-element-198677e hazu-row-predsjednici elementor-section-boxed elementor-section-height-default elementor-section-height-default\" data-id=\"198677e\" data-element_type=\"section\" data-settings=\"{&quot;background_background&quot;:&quot;classic&quot;}\">\n\t\t\t\t\t\t<div class=\"elementor-container elementor-column-gap-default\">\n\t\t\t\t\t\t\t<div class=\"elementor-row\">\n\t\t\t\t\t<div class=\"elementor-column elementor-col-100 elementor-top-column elementor-element elementor-element-25ffb06b\" data-id=\"25ffb06b\" data-element_type=\"column\">\n\t\t\t<div class=\"elementor-column-wrap elementor-element-populated\">\n\t\t\t\t\t\t\t<div class=\"elementor-widget-wrap\">\n\t\t\t\t\t\t<section class=\"elementor-section elementor-inner-section elementor-element elementor-element-3dbf673f elementor-section-boxed elementor-section-height-default elementor-section-height-default\" data-id=\"3dbf673f\" data-element_type=\"section\">\n\t\t\t\t\t\t<div class=\"elementor-container elementor-column-gap-default\">\n\t\t\t\t\t\t\t<div class=\"elementor-row\">\n\t\t\t\t\t<div class=\"elementor-column elementor-col-20 elementor-inner-column elementor-element elementor-element-3c749094\" data-id=\"3c749094\" data-element_type=\"column\">\n\t\t\t<div class=\"elementor-column-wrap elementor-element-populated\">\n\t\t\t\t\t\t\t<div class=\"elementor-widget-wrap\">\n\t\t\t\t\t\t<div class=\"elementor-element elementor-element-5a73f7da elementor-position-top elementor-vertical-align-top elementor-widget elementor-widget-image-box\" data-id=\"5a73f7da\" data-element_type=\"widget\" data-widget_type=\"image-box.default\">\n\t\t\t\t<div class=\"elementor-widget-container\">\n\t\t\t<div class=\"elementor-image-box-wrapper\"><figure class=\"elementor-image-box-img\"><a href=\"https:\/\/www.info.hazu.hr\/en\/clanovi\/neidhardt-velimir\/\"><img width=\"400\" height=\"400\" src=\"https:\/\/www.info.hazu.hr\/wp-content\/uploads\/2021\/03\/Velimir_Neidhardt_400x400_hq.jpg\" class=\"elementor-animation-shrink attachment-full size-full\" alt=\"\" loading=\"lazy\" srcset=\"https:\/\/www.info.hazu.hr\/wp-content\/uploads\/2021\/03\/Velimir_Neidhardt_400x400_hq.jpg 400w, https:\/\/www.info.hazu.hr\/wp-content\/uploads\/2021\/03\/Velimir_Neidhardt_400x400_hq-300x300.jpg 300w, https:\/\/www.info.hazu.hr\/wp-content\/uploads\/2021\/03\/Velimir_Neidhardt_400x400_hq-150x150.jpg 150w\" sizes=\"(max-width: 400px) 100vw, 400px\" \/><\/a><\/figure><div class=\"elementor-image-box-content\"><h3 class=\"elementor-image-box-title\"><a href=\"https:\/\/www.info.hazu.hr\/en\/clanovi\/neidhardt-velimir\/\">VELIMIR NEIDHARDT<\/a><\/h3><p class=\"elementor-image-box-description\">President, F.C.A.<\/p><\/div><\/div>\t\t<\/div>\n\t\t\t\t<\/div>\n\t\t\t\t\t\t<\/div>\n\t\t\t\t\t<\/div>\n\t\t<\/div>\n\t\t\t\t<div class=\"elementor-column elementor-col-20 elementor-inner-column elementor-element elementor-element-6bcd4df3\" data-id=\"6bcd4df3\" data-element_type=\"column\">\n\t\t\t<div class=\"elementor-column-wrap elementor-element-populated\">\n\t\t\t\t\t\t\t<div class=\"elementor-widget-wrap\">\n\t\t\t\t\t\t<div class=\"elementor-element elementor-element-2d0b1fe6 elementor-position-top elementor-vertical-align-top elementor-widget elementor-widget-image-box\" data-id=\"2d0b1fe6\" data-element_type=\"widget\" data-widget_type=\"image-box.default\">\n\t\t\t\t<div class=\"elementor-widget-container\">\n\t\t\t<div class=\"elementor-image-box-wrapper\"><figure class=\"elementor-image-box-img\"><a href=\"https:\/\/www.info.hazu.hr\/en\/clanovi\/milicic-davor\/\"><img width=\"400\" height=\"400\" src=\"https:\/\/www.info.hazu.hr\/wp-content\/uploads\/2021\/03\/Davor-Milicic-400x400-1.jpg\" class=\"elementor-animation-shrink attachment-full size-full\" alt=\"\" loading=\"lazy\" srcset=\"https:\/\/www.info.hazu.hr\/wp-content\/uploads\/2021\/03\/Davor-Milicic-400x400-1.jpg 400w, https:\/\/www.info.hazu.hr\/wp-content\/uploads\/2021\/03\/Davor-Milicic-400x400-1-300x300.jpg 300w, https:\/\/www.info.hazu.hr\/wp-content\/uploads\/2021\/03\/Davor-Milicic-400x400-1-150x150.jpg 150w\" sizes=\"(max-width: 400px) 100vw, 400px\" \/><\/a><\/figure><div class=\"elementor-image-box-content\"><h3 class=\"elementor-image-box-title\"><a href=\"https:\/\/www.info.hazu.hr\/en\/clanovi\/milicic-davor\/\">DAVOR MILI\u010cI\u0106<\/a><\/h3><p class=\"elementor-image-box-description\">Vice President, F.C.A.<\/p><\/div><\/div>\t\t<\/div>\n\t\t\t\t<\/div>\n\t\t\t\t\t\t<\/div>\n\t\t\t\t\t<\/div>\n\t\t<\/div>\n\t\t\t\t<div class=\"elementor-column elementor-col-20 elementor-inner-column elementor-element elementor-element-7dc2d6a1\" data-id=\"7dc2d6a1\" data-element_type=\"column\">\n\t\t\t<div class=\"elementor-column-wrap elementor-element-populated\">\n\t\t\t\t\t\t\t<div class=\"elementor-widget-wrap\">\n\t\t\t\t\t\t<div class=\"elementor-element elementor-element-364ce771 elementor-position-top elementor-vertical-align-top elementor-widget elementor-widget-image-box\" data-id=\"364ce771\" data-element_type=\"widget\" data-widget_type=\"image-box.default\">\n\t\t\t\t<div class=\"elementor-widget-container\">\n\t\t\t<div class=\"elementor-image-box-wrapper\"><figure class=\"elementor-image-box-img\"><a href=\"https:\/\/www.info.hazu.hr\/en\/clanovi\/parac-frano\/\"><img src=\"https:\/\/www.info.hazu.hr\/wp-content\/uploads\/elementor\/thumbs\/FranoParac1-e1642411944854-pj52j2z0bcweet22pgza0r0vqxi7kbwqzykc4j8vc0.jpg\" title=\"FranoParac1\" alt=\"FranoParac1\" class=\"elementor-animation-shrink\" \/><\/a><\/figure><div class=\"elementor-image-box-content\"><h3 class=\"elementor-image-box-title\"><a href=\"https:\/\/www.info.hazu.hr\/en\/clanovi\/parac-frano\/\">FRANO PARA\u0106<\/a><\/h3><p class=\"elementor-image-box-description\">Vice President, F.C.A.<\/p><\/div><\/div>\t\t<\/div>\n\t\t\t\t<\/div>\n\t\t\t\t\t\t<\/div>\n\t\t\t\t\t<\/div>\n\t\t<\/div>\n\t\t\t\t<div class=\"elementor-column elementor-col-20 elementor-inner-column elementor-element elementor-element-5409d98e\" data-id=\"5409d98e\" data-element_type=\"column\">\n\t\t\t<div class=\"elementor-column-wrap elementor-element-populated\">\n\t\t\t\t\t\t\t<div class=\"elementor-widget-wrap\">\n\t\t\t\t\t\t<div class=\"elementor-element elementor-element-624ba1a6 elementor-position-top elementor-vertical-align-top elementor-widget elementor-widget-image-box\" data-id=\"624ba1a6\" data-element_type=\"widget\" data-widget_type=\"image-box.default\">\n\t\t\t\t<div class=\"elementor-widget-container\">\n\t\t\t<div class=\"elementor-image-box-wrapper\"><figure class=\"elementor-image-box-img\"><a href=\"https:\/\/www.info.hazu.hr\/en\/clanovi\/vretenar-dario\/\"><img src=\"https:\/\/www.info.hazu.hr\/wp-content\/uploads\/elementor\/thumbs\/Dario-Vretenar-2-scaled-pj53hf0ryhwgi16n7t9oll40wm9vqb7s1wfu7ec61s.jpg\" title=\"Dario Vretenar-2\" alt=\"Dario Vretenar-2\" class=\"elementor-animation-shrink\" \/><\/a><\/figure><div class=\"elementor-image-box-content\"><h3 class=\"elementor-image-box-title\"><a href=\"https:\/\/www.info.hazu.hr\/en\/clanovi\/vretenar-dario\/\">DARIO VRETENAR<\/a><\/h3><p class=\"elementor-image-box-description\">Secretary General, F.C.A.<\/p><\/div><\/div>\t\t<\/div>\n\t\t\t\t<\/div>\n\t\t\t\t\t\t<\/div>\n\t\t\t\t\t<\/div>\n\t\t<\/div>\n\t\t\t\t<div class=\"elementor-column elementor-col-20 elementor-inner-column elementor-element elementor-element-57795cf4\" data-id=\"57795cf4\" data-element_type=\"column\">\n\t\t\t<div class=\"elementor-column-wrap elementor-element-populated\">\n\t\t\t\t\t\t\t<div class=\"elementor-widget-wrap\">\n\t\t\t\t\t\t<div class=\"elementor-element elementor-element-794ed38 elementor-position-top elementor-vertical-align-top elementor-widget elementor-widget-image-box\" data-id=\"794ed38\" data-element_type=\"widget\" data-widget_type=\"image-box.default\">\n\t\t\t\t<div class=\"elementor-widget-container\">\n\t\t\t<div class=\"elementor-image-box-wrapper\"><figure class=\"elementor-image-box-img\"><a href=\"https:\/\/www.info.hazu.hr\/en\/clanovi\/butorac-sara-sanela\/\"><img width=\"250\" height=\"250\" src=\"https:\/\/www.info.hazu.hr\/wp-content\/uploads\/2021\/03\/sara-sanela-butorac2-250x250-1.jpg\" class=\"elementor-animation-shrink attachment-full size-full\" alt=\"\" loading=\"lazy\" srcset=\"https:\/\/www.info.hazu.hr\/wp-content\/uploads\/2021\/03\/sara-sanela-butorac2-250x250-1.jpg 250w, https:\/\/www.info.hazu.hr\/wp-content\/uploads\/2021\/03\/sara-sanela-butorac2-250x250-1-150x150.jpg 150w\" sizes=\"(max-width: 250px) 100vw, 250px\" \/><\/a><\/figure><div class=\"elementor-image-box-content\"><h3 class=\"elementor-image-box-title\"><a href=\"https:\/\/www.info.hazu.hr\/en\/clanovi\/butorac-sara-sanela\/\">SARA-SANELA BUTORAC<\/a><\/h3><p class=\"elementor-image-box-description\">Secretary, LLB<\/p><\/div><\/div>\t\t<\/div>\n\t\t\t\t<\/div>\n\t\t\t\t\t\t<\/div>\n\t\t\t\t\t<\/div>\n\t\t<\/div>\n\t\t\t\t\t\t\t\t<\/div>\n\t\t\t\t\t<\/div>\n\t\t<\/section>\n\t\t\t\t\t\t<\/div>\n\t\t\t\t\t<\/div>\n\t\t<\/div>\n\t\t\t\t\t\t\t\t<\/div>\n\t\t\t\t\t<\/div>\n\t\t<\/section>\n\t\t\t\t\t\t<\/div>\n\t\t\t\t\t\t<\/div>\n\t\t\t\t\t<\/div>\n\t\t","protected":false},"excerpt":{"rendered":"<p>ACADEMY ADMINISTRATION VELIMIR NEIDHARDT President, F.C.A. DAVOR MILI\u010cI\u0106 Vice President, F.C.A. FRANO PARA\u0106 Vice President, F.C.A. DARIO VRETENAR Secretary General, F.C.A. SARA-SANELA BUTORAC Secretary, LLB<\/p>\n","protected":false},"author":5,"featured_media":0,"parent":0,"menu_order":5,"comment_status":"closed","ping_status":"closed","template":"elementor_header_footer","meta":[],"_links":{"self":[{"href":"https:\/\/www.info.hazu.hr\/en\/wp-json\/wp\/v2\/pages\/5805"}],"collection":[{"href":"https:\/\/www.info.hazu.hr\/en\/wp-json\/wp\/v2\/pages"}],"about":[{"href":"https:\/\/www.info.hazu.hr\/en\/wp-json\/wp\/v2\/types\/page"}],"author":[{"embeddable":true,"href":"https:\/\/www.info.hazu.hr\/en\/wp-json\/wp\/v2\/users\/5"}],"replies":[{"embeddable":true,"href":"https:\/\/www.info.hazu.hr\/en\/wp-json\/wp\/v2\/comments?post=5805"}],"version-history":[{"count":10,"href":"https:\/\/www.info.hazu.hr\/en\/wp-json\/wp\/v2\/pages\/5805\/revisions"}],"predecessor-version":[{"id":19623,"href":"https:\/\/www.info.hazu.hr\/en\/wp-json\/wp\/v2\/pages\/5805\/revisions\/19623"}],"wp:attachment":[{"href":"https:\/\/www.info.hazu.hr\/en\/wp-json\/wp\/v2\/media?parent=5805"}],"curies":[{"name":"wp","href":"https:\/\/api.w.org\/{rel}","templated":true}]}}