{"id":5753,"date":"2021-02-04T12:55:43","date_gmt":"2021-02-04T11:55:43","guid":{"rendered":"https:\/\/www.info.hazu.hr\/strucne-sluzbe\/"},"modified":"2025-01-09T09:17:51","modified_gmt":"2025-01-09T08:17:51","slug":"strucne-sluzbe","status":"publish","type":"page","link":"https:\/\/www.info.hazu.hr\/en\/strucne-sluzbe\/","title":{"rendered":"Professional departments"},"content":{"rendered":"\t\t<div data-elementor-type=\"wp-page\" data-elementor-id=\"5753\" class=\"elementor elementor-5753 elementor-590\" data-elementor-settings=\"[]\">\n\t\t\t\t\t\t<div class=\"elementor-inner\">\n\t\t\t\t\t\t\t<div class=\"elementor-section-wrap\">\n\t\t\t\t\t\t\t<section class=\"elementor-section elementor-top-section elementor-element elementor-element-162e8482 elementor-section-height-min-height hazu-inner-header elementor-section-boxed elementor-section-height-default elementor-section-items-middle\" data-id=\"162e8482\" data-element_type=\"section\" data-settings=\"{&quot;background_background&quot;:&quot;classic&quot;}\">\n\t\t\t\t\t\t<div class=\"elementor-container elementor-column-gap-default\">\n\t\t\t\t\t\t\t<div class=\"elementor-row\">\n\t\t\t\t\t<div class=\"elementor-column elementor-col-100 elementor-top-column elementor-element elementor-element-7d01873f\" data-id=\"7d01873f\" data-element_type=\"column\">\n\t\t\t<div class=\"elementor-column-wrap elementor-element-populated\">\n\t\t\t\t\t\t\t<div class=\"elementor-widget-wrap\">\n\t\t\t\t\t\t<div class=\"elementor-element elementor-element-6b91a1fe elementor-widget elementor-widget-heading\" data-id=\"6b91a1fe\" data-element_type=\"widget\" data-widget_type=\"heading.default\">\n\t\t\t\t<div class=\"elementor-widget-container\">\n\t\t\t<h1 class=\"elementor-heading-title elementor-size-default\">ADMINISTRATION AND SERVICES<\/h1>\t\t<\/div>\n\t\t\t\t<\/div>\n\t\t\t\t<div class=\"elementor-element elementor-element-752d420f elementor-widget elementor-widget-text-editor\" data-id=\"752d420f\" data-element_type=\"widget\" data-widget_type=\"text-editor.default\">\n\t\t\t\t<div class=\"elementor-widget-container\">\n\t\t\t\t\t\t\t\t<div class=\"elementor-text-editor elementor-clearfix\">\n\t\t\t\t\t<p>&nbsp;<\/p>\n\t\t\t\t\t<\/div>\n\t\t\t\t\t\t<\/div>\n\t\t\t\t<\/div>\n\t\t\t\t\t\t<\/div>\n\t\t\t\t\t<\/div>\n\t\t<\/div>\n\t\t\t\t\t\t\t\t<\/div>\n\t\t\t\t\t<\/div>\n\t\t<\/section>\n\t\t\t\t<section class=\"elementor-section elementor-top-section elementor-element elementor-element-2f8dc2a5 elementor-section-boxed elementor-section-height-default elementor-section-height-default\" data-id=\"2f8dc2a5\" data-element_type=\"section\" data-settings=\"{&quot;background_background&quot;:&quot;classic&quot;}\">\n\t\t\t\t\t\t<div class=\"elementor-container elementor-column-gap-default\">\n\t\t\t\t\t\t\t<div class=\"elementor-row\">\n\t\t\t\t\t<div class=\"elementor-column elementor-col-100 elementor-top-column elementor-element elementor-element-13edcf12\" data-id=\"13edcf12\" data-element_type=\"column\">\n\t\t\t<div class=\"elementor-column-wrap elementor-element-populated\">\n\t\t\t\t\t\t\t<div class=\"elementor-widget-wrap\">\n\t\t\t\t\t\t<section class=\"elementor-section elementor-inner-section elementor-element elementor-element-4dca9ff3 elementor-section-boxed elementor-section-height-default elementor-section-height-default\" data-id=\"4dca9ff3\" data-element_type=\"section\">\n\t\t\t\t\t\t<div class=\"elementor-container elementor-column-gap-custom\">\n\t\t\t\t\t\t\t<div class=\"elementor-row\">\n\t\t\t\t\t<div class=\"elementor-column elementor-col-33 elementor-inner-column elementor-element elementor-element-303120a\" data-id=\"303120a\" data-element_type=\"column\" data-settings=\"{&quot;background_background&quot;:&quot;classic&quot;}\">\n\t\t\t<div class=\"elementor-column-wrap elementor-element-populated\">\n\t\t\t\t\t\t\t<div class=\"elementor-widget-wrap\">\n\t\t\t\t\t\t<div class=\"elementor-element elementor-element-7f2a838f elementor-widget elementor-widget-text-editor\" data-id=\"7f2a838f\" data-element_type=\"widget\" data-widget_type=\"text-editor.default\">\n\t\t\t\t<div class=\"elementor-widget-container\">\n\t\t\t\t\t\t\t\t<div class=\"elementor-text-editor elementor-clearfix\">\n\t\t\t\t\t<h5>OFFICE OF THE SECRETARY<\/h5><p>SARA-SANELA BUTORAC, LLB \u2013 Seceratary, Head of Administration and Services<\/p><p><b>phone:<\/b>\u00a04895-125, 4895-133<br \/><b style=\"color: var( --e-global-color-text ); font-family: var( --e-global-typography-ed9f416-font-family ), Sans-serif; font-size: var( --e-global-typography-ed9f416-font-size ); letter-spacing: var( --e-global-typography-ed9f416-letter-spacing );\">mail:<\/b><span style=\"color: var( --e-global-color-text ); font-family: var( --e-global-typography-ed9f416-font-family ), Sans-serif; font-size: var( --e-global-typography-ed9f416-font-size ); letter-spacing: var( --e-global-typography-ed9f416-letter-spacing );\"> tajnik@hazu.hr<\/span><\/p>\t\t\t\t\t<\/div>\n\t\t\t\t\t\t<\/div>\n\t\t\t\t<\/div>\n\t\t\t\t\t\t<\/div>\n\t\t\t\t\t<\/div>\n\t\t<\/div>\n\t\t\t\t<div class=\"elementor-column elementor-col-33 elementor-inner-column elementor-element elementor-element-3859d911\" data-id=\"3859d911\" data-element_type=\"column\" data-settings=\"{&quot;background_background&quot;:&quot;classic&quot;}\">\n\t\t\t<div class=\"elementor-column-wrap elementor-element-populated\">\n\t\t\t\t\t\t\t<div class=\"elementor-widget-wrap\">\n\t\t\t\t\t\t<div class=\"elementor-element elementor-element-15d4776b elementor-widget elementor-widget-text-editor\" data-id=\"15d4776b\" data-element_type=\"widget\" data-widget_type=\"text-editor.default\">\n\t\t\t\t<div class=\"elementor-widget-container\">\n\t\t\t\t\t\t\t\t<div class=\"elementor-text-editor elementor-clearfix\">\n\t\t\t\t\t<h5>DEPARTMENT OF GENERAL, ADMINISTRATIVE, LEGAL AND PERSONAL AFFAIRS<\/h5><p>ALENKA SMRE\u010cKI, LLB \u2013 Secretary Assistant, Head of Department<\/p><p><b>phone:<\/b>\u00a04895-124, 4895-167<br \/><b>mail:<\/b> asmrec@hazu.hr<\/p>\t\t\t\t\t<\/div>\n\t\t\t\t\t\t<\/div>\n\t\t\t\t<\/div>\n\t\t\t\t\t\t<\/div>\n\t\t\t\t\t<\/div>\n\t\t<\/div>\n\t\t\t\t<div class=\"elementor-column elementor-col-33 elementor-inner-column elementor-element elementor-element-773604db\" data-id=\"773604db\" data-element_type=\"column\" data-settings=\"{&quot;background_background&quot;:&quot;classic&quot;}\">\n\t\t\t<div class=\"elementor-column-wrap elementor-element-populated\">\n\t\t\t\t\t\t\t<div class=\"elementor-widget-wrap\">\n\t\t\t\t\t\t<div class=\"elementor-element elementor-element-7dca6867 elementor-widget elementor-widget-text-editor\" data-id=\"7dca6867\" data-element_type=\"widget\" data-widget_type=\"text-editor.default\">\n\t\t\t\t<div class=\"elementor-widget-container\">\n\t\t\t\t\t\t\t\t<div class=\"elementor-text-editor elementor-clearfix\">\n\t\t\t\t\t<h5>Financial and Economic Department<\/h5><p>LJUBICA PETROVI\u0106, BBA \u2013 Secretary Assistant, Head of Department<\/p><p><b>tel. <\/b>4895-187<br \/><b style=\"color: var( --e-global-color-text ); font-family: var( --e-global-typography-ed9f416-font-family ), Sans-serif; font-size: var( --e-global-typography-ed9f416-font-size ); letter-spacing: var( --e-global-typography-ed9f416-letter-spacing );\">email: <\/b><span style=\"color: var( --e-global-color-text ); font-family: var( --e-global-typography-ed9f416-font-family ), Sans-serif; font-size: var( --e-global-typography-ed9f416-font-size ); letter-spacing: var( --e-global-typography-ed9f416-letter-spacing );\">ljpetrovic@hazu.hr<\/span><\/p>\t\t\t\t\t<\/div>\n\t\t\t\t\t\t<\/div>\n\t\t\t\t<\/div>\n\t\t\t\t\t\t<\/div>\n\t\t\t\t\t<\/div>\n\t\t<\/div>\n\t\t\t\t\t\t\t\t<\/div>\n\t\t\t\t\t<\/div>\n\t\t<\/section>\n\t\t\t\t<section class=\"elementor-section elementor-inner-section elementor-element elementor-element-3b7416c3 elementor-section-boxed elementor-section-height-default elementor-section-height-default\" data-id=\"3b7416c3\" data-element_type=\"section\">\n\t\t\t\t\t\t<div class=\"elementor-container elementor-column-gap-custom\">\n\t\t\t\t\t\t\t<div class=\"elementor-row\">\n\t\t\t\t\t<div class=\"elementor-column elementor-col-33 elementor-inner-column elementor-element elementor-element-75baf91f\" data-id=\"75baf91f\" data-element_type=\"column\" data-settings=\"{&quot;background_background&quot;:&quot;classic&quot;}\">\n\t\t\t<div class=\"elementor-column-wrap elementor-element-populated\">\n\t\t\t\t\t\t\t<div class=\"elementor-widget-wrap\">\n\t\t\t\t\t\t<div class=\"elementor-element elementor-element-42672f3e elementor-widget elementor-widget-text-editor\" data-id=\"42672f3e\" data-element_type=\"widget\" data-widget_type=\"text-editor.default\">\n\t\t\t\t<div class=\"elementor-widget-container\">\n\t\t\t\t\t\t\t\t<div class=\"elementor-text-editor elementor-clearfix\">\n\t\t\t\t\t<h5>Property Department<\/h5>\n<p><span style=\"color: var( --e-global-color-text ); font-family: var( --e-global-typography-ed9f416-font-family ), Sans-serif; font-size: var( --e-global-typography-ed9f416-font-size ); font-weight: var( --e-global-typography-ed9f416-font-weight ); letter-spacing: var( --e-global-typography-ed9f416-letter-spacing );\">DAJANA \u017dUPANI\u0106 JAKOVI\u0106, MA<\/span> \u2013 Secretary Assistant, Head of Department<\/p>\n<p><b>phone:<\/b>&nbsp;4895-114<br><b>mail: <\/b>dzupanicjakovic@hazu.hr<\/p>\t\t\t\t\t<\/div>\n\t\t\t\t\t\t<\/div>\n\t\t\t\t<\/div>\n\t\t\t\t\t\t<\/div>\n\t\t\t\t\t<\/div>\n\t\t<\/div>\n\t\t\t\t<div class=\"elementor-column elementor-col-33 elementor-inner-column elementor-element elementor-element-ea813b1\" data-id=\"ea813b1\" data-element_type=\"column\" data-settings=\"{&quot;background_background&quot;:&quot;classic&quot;}\">\n\t\t\t<div class=\"elementor-column-wrap elementor-element-populated\">\n\t\t\t\t\t\t\t<div class=\"elementor-widget-wrap\">\n\t\t\t\t\t\t<div class=\"elementor-element elementor-element-66d6ea28 elementor-widget elementor-widget-text-editor\" data-id=\"66d6ea28\" data-element_type=\"widget\" data-widget_type=\"text-editor.default\">\n\t\t\t\t<div class=\"elementor-widget-container\">\n\t\t\t\t\t\t\t\t<div class=\"elementor-text-editor elementor-clearfix\">\n\t\t\t\t\t<h5>CABINET OF THE PRESIDENT AND THE SECRETARY GENERAL<\/h5><p>TEA SRDI\u0106, LLB \u2013 Head of the President&#8217;s Cabinet<\/p><p><b>phone:<\/b> 4895-122, 4895-177<br \/><b>mail:<\/b> kabpred@hazu.hr<\/p>\t\t\t\t\t<\/div>\n\t\t\t\t\t\t<\/div>\n\t\t\t\t<\/div>\n\t\t\t\t\t\t<\/div>\n\t\t\t\t\t<\/div>\n\t\t<\/div>\n\t\t\t\t<div class=\"elementor-column elementor-col-33 elementor-inner-column elementor-element elementor-element-714802d\" data-id=\"714802d\" data-element_type=\"column\" data-settings=\"{&quot;background_background&quot;:&quot;classic&quot;}\">\n\t\t\t<div class=\"elementor-column-wrap elementor-element-populated\">\n\t\t\t\t\t\t\t<div class=\"elementor-widget-wrap\">\n\t\t\t\t\t\t<div class=\"elementor-element elementor-element-8f025d0 elementor-widget elementor-widget-text-editor\" data-id=\"8f025d0\" data-element_type=\"widget\" data-widget_type=\"text-editor.default\">\n\t\t\t\t<div class=\"elementor-widget-container\">\n\t\t\t\t\t\t\t\t<div class=\"elementor-text-editor elementor-clearfix\">\n\t\t\t\t\t<h5>Public Relations Unit<\/h5><p>MARIJAN LIPOVAC\u00a0<span style=\"color: var( --e-global-color-text ); font-family: var( --e-global-typography-ed9f416-font-family ), Sans-serif; font-size: var( --e-global-typography-ed9f416-font-size ); font-weight: var( --e-global-typography-ed9f416-font-weight ); letter-spacing: var( --e-global-typography-ed9f416-letter-spacing );\">\u2013 <\/span><span style=\"color: var( --e-global-color-text ); font-family: var( --e-global-typography-ed9f416-font-family ), Sans-serif; font-size: var( --e-global-typography-ed9f416-font-size ); font-weight: var( --e-global-typography-ed9f416-font-weight ); letter-spacing: var( --e-global-typography-ed9f416-letter-spacing );\">Head of Unit<\/span><\/p><p><b>phone: <\/b>4895-366, 4895-144<br \/><b>mail: <\/b>mlipovac@hazu.hr<\/p>\t\t\t\t\t<\/div>\n\t\t\t\t\t\t<\/div>\n\t\t\t\t<\/div>\n\t\t\t\t\t\t<\/div>\n\t\t\t\t\t<\/div>\n\t\t<\/div>\n\t\t\t\t\t\t\t\t<\/div>\n\t\t\t\t\t<\/div>\n\t\t<\/section>\n\t\t\t\t<section class=\"elementor-section elementor-inner-section elementor-element elementor-element-d91fcb9 elementor-section-boxed elementor-section-height-default elementor-section-height-default\" data-id=\"d91fcb9\" data-element_type=\"section\">\n\t\t\t\t\t\t<div class=\"elementor-container elementor-column-gap-custom\">\n\t\t\t\t\t\t\t<div class=\"elementor-row\">\n\t\t\t\t\t<div class=\"elementor-column elementor-col-33 elementor-inner-column elementor-element elementor-element-0342749\" data-id=\"0342749\" data-element_type=\"column\" data-settings=\"{&quot;background_background&quot;:&quot;classic&quot;}\">\n\t\t\t<div class=\"elementor-column-wrap elementor-element-populated\">\n\t\t\t\t\t\t\t<div class=\"elementor-widget-wrap\">\n\t\t\t\t\t\t<div class=\"elementor-element elementor-element-b9fb272 elementor-widget elementor-widget-text-editor\" data-id=\"b9fb272\" data-element_type=\"widget\" data-widget_type=\"text-editor.default\">\n\t\t\t\t<div class=\"elementor-widget-container\">\n\t\t\t\t\t\t\t\t<div class=\"elementor-text-editor elementor-clearfix\">\n\t\t\t\t\t<h5>DEPARTMENT FOR INTERNATIONAL COOPERATION AND EU PROGRAMS AND PROJECTS<\/h5><p>JELENA \u0110UKI\u0106,\u00a0<span style=\"color: var( --e-global-color-text ); font-family: var( --e-global-typography-ed9f416-font-family ), Sans-serif; font-size: var( --e-global-typography-ed9f416-font-size ); font-weight: var( --e-global-typography-ed9f416-font-weight ); letter-spacing: var( --e-global-typography-ed9f416-letter-spacing );\">MSc <\/span><span style=\"color: var( --e-global-color-text ); font-family: var( --e-global-typography-ed9f416-font-family ), Sans-serif; font-size: var( --e-global-typography-ed9f416-font-size ); font-weight: var( --e-global-typography-ed9f416-font-weight ); letter-spacing: var( --e-global-typography-ed9f416-letter-spacing );\">\u2013 Head of Department<\/span><\/p><p><strong>phone:<\/strong> 4895-142, 4895-172<br \/><strong>mail:<\/strong> jdukic@hazu.hr<\/p>\t\t\t\t\t<\/div>\n\t\t\t\t\t\t<\/div>\n\t\t\t\t<\/div>\n\t\t\t\t\t\t<\/div>\n\t\t\t\t\t<\/div>\n\t\t<\/div>\n\t\t\t\t<div class=\"elementor-column elementor-col-33 elementor-inner-column elementor-element elementor-element-46b6c584\" data-id=\"46b6c584\" data-element_type=\"column\" data-settings=\"{&quot;background_background&quot;:&quot;classic&quot;}\">\n\t\t\t<div class=\"elementor-column-wrap elementor-element-populated\">\n\t\t\t\t\t\t\t<div class=\"elementor-widget-wrap\">\n\t\t\t\t\t\t<div class=\"elementor-element elementor-element-2ddb8e81 elementor-widget elementor-widget-text-editor\" data-id=\"2ddb8e81\" data-element_type=\"widget\" data-widget_type=\"text-editor.default\">\n\t\t\t\t<div class=\"elementor-widget-container\">\n\t\t\t\t\t\t\t\t<div class=\"elementor-text-editor elementor-clearfix\">\n\t\t\t\t\t<h5>DEPARTMENT OF INFORMATION TECHNOLOGIES<\/h5><p>IVAN GLADOVI\u0106, mag. educ. phys. et inf. \u2013\u00a0<span style=\"color: var( --e-global-color-text ); font-family: var( --e-global-typography-ed9f416-font-family ), Sans-serif; font-size: var( --e-global-typography-ed9f416-font-size ); font-weight: var( --e-global-typography-ed9f416-font-weight ); letter-spacing: var( --e-global-typography-ed9f416-letter-spacing );\">Head of Department<\/span><\/p><p><b>phone: <\/b>4895-101<br \/><b>email: <\/b>igladovic@hazu.hr<\/p>\t\t\t\t\t<\/div>\n\t\t\t\t\t\t<\/div>\n\t\t\t\t<\/div>\n\t\t\t\t\t\t<\/div>\n\t\t\t\t\t<\/div>\n\t\t<\/div>\n\t\t\t\t<div class=\"elementor-column elementor-col-33 elementor-inner-column elementor-element elementor-element-64ed481\" data-id=\"64ed481\" data-element_type=\"column\" data-settings=\"{&quot;background_background&quot;:&quot;classic&quot;}\">\n\t\t\t<div class=\"elementor-column-wrap elementor-element-populated\">\n\t\t\t\t\t\t\t<div class=\"elementor-widget-wrap\">\n\t\t\t\t\t\t<div class=\"elementor-element elementor-element-4c7dade elementor-widget elementor-widget-text-editor\" data-id=\"4c7dade\" data-element_type=\"widget\" data-widget_type=\"text-editor.default\">\n\t\t\t\t<div class=\"elementor-widget-container\">\n\t\t\t\t\t\t\t\t<div class=\"elementor-text-editor elementor-clearfix\">\n\t\t\t\t\t<h5>PROTOCOL DEPARTMENT<\/h5>\n<p><br><\/p>\n<p><strong>phone:<\/strong> 4895-165<br><strong>mail:<\/strong>&nbsp;<\/p>\t\t\t\t\t<\/div>\n\t\t\t\t\t\t<\/div>\n\t\t\t\t<\/div>\n\t\t\t\t\t\t<\/div>\n\t\t\t\t\t<\/div>\n\t\t<\/div>\n\t\t\t\t\t\t\t\t<\/div>\n\t\t\t\t\t<\/div>\n\t\t<\/section>\n\t\t\t\t\t\t<\/div>\n\t\t\t\t\t<\/div>\n\t\t<\/div>\n\t\t\t\t\t\t\t\t<\/div>\n\t\t\t\t\t<\/div>\n\t\t<\/section>\n\t\t\t\t\t\t<\/div>\n\t\t\t\t\t\t<\/div>\n\t\t\t\t\t<\/div>\n\t\t","protected":false},"excerpt":{"rendered":"<p>ADMINISTRATION AND SERVICES &nbsp; OFFICE OF THE SECRETARY SARA-SANELA BUTORAC, LLB \u2013 Seceratary, Head of Administration and Services phone:\u00a04895-125, 4895-133mail: tajnik@hazu.hr DEPARTMENT OF GENERAL, ADMINISTRATIVE, LEGAL AND PERSONAL AFFAIRS ALENKA SMRE\u010cKI, LLB \u2013 Secretary Assistant, Head of Department phone:\u00a04895-124, 4895-167mail: asmrec@hazu.hr Financial and Economic Department LJUBICA PETROVI\u0106, BBA \u2013 Secretary Assistant, Head of Department tel. [&hellip;]<\/p>\n","protected":false},"author":2,"featured_media":0,"parent":0,"menu_order":92,"comment_status":"closed","ping_status":"closed","template":"elementor_header_footer","meta":[],"_links":{"self":[{"href":"https:\/\/www.info.hazu.hr\/en\/wp-json\/wp\/v2\/pages\/5753"}],"collection":[{"href":"https:\/\/www.info.hazu.hr\/en\/wp-json\/wp\/v2\/pages"}],"about":[{"href":"https:\/\/www.info.hazu.hr\/en\/wp-json\/wp\/v2\/types\/page"}],"author":[{"embeddable":true,"href":"https:\/\/www.info.hazu.hr\/en\/wp-json\/wp\/v2\/users\/2"}],"replies":[{"embeddable":true,"href":"https:\/\/www.info.hazu.hr\/en\/wp-json\/wp\/v2\/comments?post=5753"}],"version-history":[{"count":10,"href":"https:\/\/www.info.hazu.hr\/en\/wp-json\/wp\/v2\/pages\/5753\/revisions"}],"predecessor-version":[{"id":47249,"href":"https:\/\/www.info.hazu.hr\/en\/wp-json\/wp\/v2\/pages\/5753\/revisions\/47249"}],"wp:attachment":[{"href":"https:\/\/www.info.hazu.hr\/en\/wp-json\/wp\/v2\/media?parent=5753"}],"curies":[{"name":"wp","href":"https:\/\/api.w.org\/{rel}","templated":true}]}}