{"id":5729,"date":"2021-02-04T12:21:36","date_gmt":"2021-02-04T11:21:36","guid":{"rendered":"https:\/\/www.info.hazu.hr\/knjiznice-i-zbirke\/knjiznica-odsjeka-za-povijesne-znanosti\/"},"modified":"2021-03-19T12:01:15","modified_gmt":"2021-03-19T11:01:15","slug":"knjiznica-odsjeka-za-povijesne-znanosti","status":"publish","type":"page","link":"https:\/\/www.info.hazu.hr\/en\/knjiznica-odsjeka-za-povijesne-znanosti\/","title":{"rendered":"The Division of Historical Sciences Library"},"content":{"rendered":"\t\t<div data-elementor-type=\"wp-page\" data-elementor-id=\"5729\" class=\"elementor elementor-5729 elementor-555\" data-elementor-settings=\"[]\">\n\t\t\t\t\t\t<div class=\"elementor-inner\">\n\t\t\t\t\t\t\t<div class=\"elementor-section-wrap\">\n\t\t\t\t\t\t\t<section class=\"elementor-section elementor-top-section elementor-element elementor-element-1552e3f5 elementor-section-height-min-height hazu-inner-header elementor-section-boxed elementor-section-height-default elementor-section-items-middle\" data-id=\"1552e3f5\" data-element_type=\"section\" data-settings=\"{&quot;background_background&quot;:&quot;classic&quot;}\">\n\t\t\t\t\t\t<div class=\"elementor-container elementor-column-gap-default\">\n\t\t\t\t\t\t\t<div class=\"elementor-row\">\n\t\t\t\t\t<div class=\"elementor-column elementor-col-100 elementor-top-column elementor-element elementor-element-499282cb\" data-id=\"499282cb\" data-element_type=\"column\">\n\t\t\t<div class=\"elementor-column-wrap elementor-element-populated\">\n\t\t\t\t\t\t\t<div class=\"elementor-widget-wrap\">\n\t\t\t\t\t\t<div class=\"elementor-element elementor-element-35000d6 elementor-widget elementor-widget-heading\" data-id=\"35000d6\" data-element_type=\"widget\" data-widget_type=\"heading.default\">\n\t\t\t\t<div class=\"elementor-widget-container\">\n\t\t\t<h1 class=\"elementor-heading-title elementor-size-default\">Libraries and Collections<\/h1>\t\t<\/div>\n\t\t\t\t<\/div>\n\t\t\t\t<div class=\"elementor-element elementor-element-647a8f47 elementor-widget elementor-widget-text-editor\" data-id=\"647a8f47\" data-element_type=\"widget\" data-widget_type=\"text-editor.default\">\n\t\t\t\t<div class=\"elementor-widget-container\">\n\t\t\t\t\t\t\t\t<div class=\"elementor-text-editor elementor-clearfix\">\n\t\t\t\t\t<p>The catalogs of the Academy Libraries as well as the Digital Collection of the Academy can be found on the website of the Digital Collection.<\/p>\n\t\t\t\t\t<\/div>\n\t\t\t\t\t\t<\/div>\n\t\t\t\t<\/div>\n\t\t\t\t\t\t<\/div>\n\t\t\t\t\t<\/div>\n\t\t<\/div>\n\t\t\t\t\t\t\t\t<\/div>\n\t\t\t\t\t<\/div>\n\t\t<\/section>\n\t\t\t\t<section class=\"elementor-section elementor-top-section elementor-element elementor-element-1d641abc elementor-section-boxed elementor-section-height-default elementor-section-height-default\" data-id=\"1d641abc\" data-element_type=\"section\" data-settings=\"{&quot;background_background&quot;:&quot;classic&quot;}\">\n\t\t\t\t\t\t<div class=\"elementor-container elementor-column-gap-default\">\n\t\t\t\t\t\t\t<div class=\"elementor-row\">\n\t\t\t\t\t<div class=\"elementor-column elementor-col-50 elementor-top-column elementor-element elementor-element-7dd74813\" data-id=\"7dd74813\" data-element_type=\"column\">\n\t\t\t<div class=\"elementor-column-wrap elementor-element-populated\">\n\t\t\t\t\t\t\t<div class=\"elementor-widget-wrap\">\n\t\t\t\t\t\t<div class=\"elementor-element elementor-element-21ae3583 elementor-widget elementor-widget-text-editor\" data-id=\"21ae3583\" data-element_type=\"widget\" data-widget_type=\"text-editor.default\">\n\t\t\t\t<div class=\"elementor-widget-container\">\n\t\t\t\t\t\t\t\t<div class=\"elementor-text-editor elementor-clearfix\">\n\t\t\t\t\t<p>Strossmayerov trg 2, Zagreb, Republika Hrvatska<\/p>\n<p>The Library of the Department is open to users<br \/>\nweekdays from 9.30-14.30<\/p>\n<p>Tel. 01\/4895 197<br \/>\ne-mail: zvonar@hazu.hr<\/p>\n<p>The library of the Department of Historical Sciences of the Croatian Academy of Sciences and Arts was founded in 1948 to support scientific work on the study of Croatian medieval history. Accordingly, a book fund was built, which today includes about 40,000 volumes of very valuable domestic and foreign publications. The catalog of periodicals has 876 titles.<\/p>\n<p>The library also has several larger collections in its collection &#8211; the legacy of Jovan Radoni\u0107, the legacy of Vladimir Ko\u0161\u0107ak, the legacy of Miroslav Kurelac, part of the legacy from the library of Ante Trumbi\u0107, Ferdo \u0160i\u0161i\u0107, Fran Gundrum, and part of the fund of the former Croatian Theological Academy. Vladimir Mo\u0161in, Georgi Ostrogorski, Josip Matasovi\u0107, and the Central Library of the Croatian Academy of Sciences and Arts and the Ethnographic Museum in Zagreb.<\/p>\n<p>For the most part, the Library&#8217;s holdings can only be used in a reading room with 12 reading places. About 300 users use the services of the Library annually, and the reading room occasionally hosts seminars and professional courses in paleography, as well as the promotion of the Proceedings of the Department of Historical Sciences.<\/p>\n<p>The computer catalog of the library began to be created in 1999 with the use of the valid Croatian Ordinance and manual of E. Verona and UNIMARC, and the Universal Decimal Classification is used for content processing. The library maintains a constant exchange of publications with numerous institutions in Croatia and in Hungary, Italy, Russia, Austria, Germany, France, the Czech Republic, Poland, Bulgaria and a number of other countries.<\/p>\n<p>From 2003 to 2006, the Library was involved in the work on the project &#8220;Scientific Information System &#8211; Humanities Subsystem&#8221;.<\/p>\n\t\t\t\t\t<\/div>\n\t\t\t\t\t\t<\/div>\n\t\t\t\t<\/div>\n\t\t\t\t\t\t<\/div>\n\t\t\t\t\t<\/div>\n\t\t<\/div>\n\t\t\t\t<div class=\"elementor-column elementor-col-50 elementor-top-column elementor-element elementor-element-3232bc70\" data-id=\"3232bc70\" data-element_type=\"column\">\n\t\t\t<div class=\"elementor-column-wrap elementor-element-populated\">\n\t\t\t\t\t\t\t<div class=\"elementor-widget-wrap\">\n\t\t\t\t\t\t<div class=\"elementor-element elementor-element-67e4bf70 elementor-widget elementor-widget-heading\" data-id=\"67e4bf70\" data-element_type=\"widget\" data-widget_type=\"heading.default\">\n\t\t\t\t<div class=\"elementor-widget-container\">\n\t\t\t<h2 class=\"elementor-heading-title elementor-size-default\">Navigation<\/h2>\t\t<\/div>\n\t\t\t\t<\/div>\n\t\t\t\t<div class=\"elementor-element elementor-element-5de8053 hazu-wp-page-nav elementor-widget elementor-widget-wp-widget-nav_menu\" data-id=\"5de8053\" data-element_type=\"widget\" data-widget_type=\"wp-widget-nav_menu.default\">\n\t\t\t\t<div class=\"elementor-widget-container\">\n\t\t\t<div class=\"menu-knjiznica-menu-english-container\"><ul id=\"menu-knjiznica-menu-english\" class=\"menu\"><li id=\"menu-item-5744\" class=\"menu-item menu-item-type-post_type menu-item-object-page menu-item-5744\"><a href=\"https:\/\/www.info.hazu.hr\/en\/knjiznica-strossmayerove-galerije\/\">The Strossmayer Gallery of Old Masters Library<\/a><\/li>\n<li id=\"menu-item-5745\" class=\"menu-item menu-item-type-post_type menu-item-object-page menu-item-5745\"><a href=\"https:\/\/www.info.hazu.hr\/en\/knjiznica-hazu\/\">Academy Library<\/a><\/li>\n<li id=\"menu-item-5746\" class=\"menu-item menu-item-type-custom menu-item-object-custom menu-item-5746\"><a target=\"_blank\" rel=\"noopener\" href=\"https:\/\/dizbi.hazu.hr\/a\/\">DIZBI<\/a><\/li>\n<li id=\"menu-item-5747\" class=\"menu-item menu-item-type-post_type menu-item-object-page menu-item-5747\"><a href=\"https:\/\/www.info.hazu.hr\/en\/knjiznica-jadranskog-zavoda\/\">Adriatic Institute Library<\/a><\/li>\n<li id=\"menu-item-5748\" class=\"menu-item menu-item-type-post_type menu-item-object-page menu-item-5748\"><a href=\"https:\/\/www.info.hazu.hr\/en\/knjiznica-odsjeka-za-povijest-hrvatske-glazbe\/\">The Division for the History of Croatian Music Library<\/a><\/li>\n<li id=\"menu-item-5749\" class=\"menu-item menu-item-type-post_type menu-item-object-page menu-item-5749\"><a href=\"https:\/\/www.info.hazu.hr\/en\/knjiznica-odsjeka-za-povijesne-znanosti\/\">The Division of Historical Sciences Library<\/a><\/li>\n<li id=\"menu-item-5750\" class=\"menu-item menu-item-type-post_type menu-item-object-page menu-item-5750\"><a href=\"https:\/\/www.info.hazu.hr\/en\/katalozi-akademijinih-knjiznica\/\">Catalogs of the Academy Libraries<\/a><\/li>\n<li id=\"menu-item-5751\" class=\"menu-item menu-item-type-post_type menu-item-object-page menu-item-5751\"><a href=\"https:\/\/www.info.hazu.hr\/en\/katalozi-drugih-knjiznica\/\">Catalogs of other libraries<\/a><\/li>\n<\/ul><\/div>\t\t<\/div>\n\t\t\t\t<\/div>\n\t\t\t\t\t\t<\/div>\n\t\t\t\t\t<\/div>\n\t\t<\/div>\n\t\t\t\t\t\t\t\t<\/div>\n\t\t\t\t\t<\/div>\n\t\t<\/section>\n\t\t\t\t\t\t<\/div>\n\t\t\t\t\t\t<\/div>\n\t\t\t\t\t<\/div>\n\t\t","protected":false},"excerpt":{"rendered":"<p>Libraries and Collections The catalogs of the Academy Libraries as well as the Digital Collection of the Academy can be found on the website of the Digital Collection. Strossmayerov trg 2, Zagreb, Republika Hrvatska The Library of the Department is open to users weekdays from 9.30-14.30 Tel. 01\/4895 197 e-mail: zvonar@hazu.hr The library of the [&hellip;]<\/p>\n","protected":false},"author":2,"featured_media":0,"parent":0,"menu_order":98,"comment_status":"closed","ping_status":"closed","template":"elementor_header_footer","meta":[],"_links":{"self":[{"href":"https:\/\/www.info.hazu.hr\/en\/wp-json\/wp\/v2\/pages\/5729"}],"collection":[{"href":"https:\/\/www.info.hazu.hr\/en\/wp-json\/wp\/v2\/pages"}],"about":[{"href":"https:\/\/www.info.hazu.hr\/en\/wp-json\/wp\/v2\/types\/page"}],"author":[{"embeddable":true,"href":"https:\/\/www.info.hazu.hr\/en\/wp-json\/wp\/v2\/users\/2"}],"replies":[{"embeddable":true,"href":"https:\/\/www.info.hazu.hr\/en\/wp-json\/wp\/v2\/comments?post=5729"}],"version-history":[{"count":0,"href":"https:\/\/www.info.hazu.hr\/en\/wp-json\/wp\/v2\/pages\/5729\/revisions"}],"wp:attachment":[{"href":"https:\/\/www.info.hazu.hr\/en\/wp-json\/wp\/v2\/media?parent=5729"}],"curies":[{"name":"wp","href":"https:\/\/api.w.org\/{rel}","templated":true}]}}