{"id":5723,"date":"2021-02-04T15:04:36","date_gmt":"2021-02-04T14:04:36","guid":{"rendered":"https:\/\/www.info.hazu.hr\/knjiznice-i-zbirke\/knjiznica-jadranskog-zavoda\/"},"modified":"2024-08-21T13:40:46","modified_gmt":"2024-08-21T11:40:46","slug":"knjiznica-jadranskog-zavoda","status":"publish","type":"page","link":"https:\/\/www.info.hazu.hr\/en\/knjiznica-jadranskog-zavoda\/","title":{"rendered":"Adriatic Institute Library"},"content":{"rendered":"\t\t<div data-elementor-type=\"wp-page\" data-elementor-id=\"5723\" class=\"elementor elementor-5723 elementor-670\" data-elementor-settings=\"[]\">\n\t\t\t\t\t\t<div class=\"elementor-inner\">\n\t\t\t\t\t\t\t<div class=\"elementor-section-wrap\">\n\t\t\t\t\t\t\t<section class=\"elementor-section elementor-top-section elementor-element elementor-element-17b6a208 elementor-section-height-min-height hazu-inner-header elementor-section-boxed elementor-section-height-default elementor-section-items-middle\" data-id=\"17b6a208\" data-element_type=\"section\" data-settings=\"{&quot;background_background&quot;:&quot;classic&quot;}\">\n\t\t\t\t\t\t<div class=\"elementor-container elementor-column-gap-default\">\n\t\t\t\t\t\t\t<div class=\"elementor-row\">\n\t\t\t\t\t<div class=\"elementor-column elementor-col-100 elementor-top-column elementor-element elementor-element-543dae4e\" data-id=\"543dae4e\" data-element_type=\"column\">\n\t\t\t<div class=\"elementor-column-wrap elementor-element-populated\">\n\t\t\t\t\t\t\t<div class=\"elementor-widget-wrap\">\n\t\t\t\t\t\t<div class=\"elementor-element elementor-element-6210df30 elementor-widget elementor-widget-heading\" data-id=\"6210df30\" data-element_type=\"widget\" data-widget_type=\"heading.default\">\n\t\t\t\t<div class=\"elementor-widget-container\">\n\t\t\t<h1 class=\"elementor-heading-title elementor-size-default\">Adriatic Institute Library<\/h1>\t\t<\/div>\n\t\t\t\t<\/div>\n\t\t\t\t<div class=\"elementor-element elementor-element-1aa8a0b5 elementor-widget elementor-widget-text-editor\" data-id=\"1aa8a0b5\" data-element_type=\"widget\" data-widget_type=\"text-editor.default\">\n\t\t\t\t<div class=\"elementor-widget-container\">\n\t\t\t\t\t\t\t\t<div class=\"elementor-text-editor elementor-clearfix\">\n\t\t\t\t\t<p>The catalogs of the Academy Libraries as well as the Digital Collection of the Academy can be found on the website of the Digital Collection.<\/p>\n\t\t\t\t\t<\/div>\n\t\t\t\t\t\t<\/div>\n\t\t\t\t<\/div>\n\t\t\t\t\t\t<\/div>\n\t\t\t\t\t<\/div>\n\t\t<\/div>\n\t\t\t\t\t\t\t\t<\/div>\n\t\t\t\t\t<\/div>\n\t\t<\/section>\n\t\t\t\t<section class=\"elementor-section elementor-top-section elementor-element elementor-element-5a3c8ba7 elementor-section-boxed elementor-section-height-default elementor-section-height-default\" data-id=\"5a3c8ba7\" data-element_type=\"section\" data-settings=\"{&quot;background_background&quot;:&quot;classic&quot;}\">\n\t\t\t\t\t\t<div class=\"elementor-container elementor-column-gap-default\">\n\t\t\t\t\t\t\t<div class=\"elementor-row\">\n\t\t\t\t\t<div class=\"elementor-column elementor-col-50 elementor-top-column elementor-element elementor-element-29bbe87c\" data-id=\"29bbe87c\" data-element_type=\"column\">\n\t\t\t<div class=\"elementor-column-wrap elementor-element-populated\">\n\t\t\t\t\t\t\t<div class=\"elementor-widget-wrap\">\n\t\t\t\t\t\t<div class=\"elementor-element elementor-element-43c0be3c elementor-widget elementor-widget-text-editor\" data-id=\"43c0be3c\" data-element_type=\"widget\" data-widget_type=\"text-editor.default\">\n\t\t\t\t<div class=\"elementor-widget-container\">\n\t\t\t\t\t\t\t\t<div class=\"elementor-text-editor elementor-clearfix\">\n\t\t\t\t\t<p>Augusta \u0160enoe 4, 10000 Zagreb<\/p><p>Phone: +385 01 4812 703<\/p><p>Head: Jakov Sinov\u010di\u0107-Perkovi\u0107, mag. bibl.<\/p><p>E-mails:<\/p><ul><li><a href=\"mailto:knjiznica-jz@hazu.hr\">knjiznica-jz@hazu.hr<\/a><\/li><li><a href=\"mailto:jsinovcicperkovic@hazu.hr\">jsinovcicperkovic@hazu.hr<\/a><\/li><\/ul><p>The Adriatic Institute is a scientific research unit of the Croatian Academy of Sciences and Arts that deals with scientific studies of maritime and transport law, as well as international maritime law. It is one of the few legal-scientific institutes in Europe specialized in the mentioned branches of law.<\/p>\t\t\t\t\t<\/div>\n\t\t\t\t\t\t<\/div>\n\t\t\t\t<\/div>\n\t\t\t\t<div class=\"elementor-element elementor-element-e53ec56 elementor-widget elementor-widget-button\" data-id=\"e53ec56\" data-element_type=\"widget\" data-widget_type=\"button.default\">\n\t\t\t\t<div class=\"elementor-widget-container\">\n\t\t\t\t\t<div class=\"elementor-button-wrapper\">\n\t\t\t<a href=\"https:\/\/jadranski-zavod.hazu.hr\/en\/\" target=\"_blank\" class=\"elementor-button-link elementor-button elementor-size-sm\" role=\"button\">\n\t\t\t\t\t\t<span class=\"elementor-button-content-wrapper\">\n\t\t\t\t\t\t<span class=\"elementor-button-text\">Read more<\/span>\n\t\t<\/span>\n\t\t\t\t\t<\/a>\n\t\t<\/div>\n\t\t\t\t<\/div>\n\t\t\t\t<\/div>\n\t\t\t\t\t\t<\/div>\n\t\t\t\t\t<\/div>\n\t\t<\/div>\n\t\t\t\t<div class=\"elementor-column elementor-col-50 elementor-top-column elementor-element elementor-element-15f1b99f\" data-id=\"15f1b99f\" data-element_type=\"column\">\n\t\t\t<div class=\"elementor-column-wrap elementor-element-populated\">\n\t\t\t\t\t\t\t<div class=\"elementor-widget-wrap\">\n\t\t\t\t\t\t<div class=\"elementor-element elementor-element-2fe25975 elementor-widget elementor-widget-heading\" data-id=\"2fe25975\" data-element_type=\"widget\" data-widget_type=\"heading.default\">\n\t\t\t\t<div class=\"elementor-widget-container\">\n\t\t\t<h2 class=\"elementor-heading-title elementor-size-default\">Navigation<\/h2>\t\t<\/div>\n\t\t\t\t<\/div>\n\t\t\t\t<div class=\"elementor-element elementor-element-cc99ee9 hazu-wp-page-nav elementor-widget elementor-widget-wp-widget-nav_menu\" data-id=\"cc99ee9\" data-element_type=\"widget\" data-widget_type=\"wp-widget-nav_menu.default\">\n\t\t\t\t<div class=\"elementor-widget-container\">\n\t\t\t<div class=\"menu-knjiznica-menu-english-container\"><ul id=\"menu-knjiznica-menu-english\" class=\"menu\"><li id=\"menu-item-5744\" class=\"menu-item menu-item-type-post_type menu-item-object-page menu-item-5744\"><a href=\"https:\/\/www.info.hazu.hr\/en\/knjiznica-strossmayerove-galerije\/\">The Strossmayer Gallery of Old Masters Library<\/a><\/li>\n<li id=\"menu-item-5745\" class=\"menu-item menu-item-type-post_type menu-item-object-page menu-item-5745\"><a href=\"https:\/\/www.info.hazu.hr\/en\/knjiznica-hazu\/\">Academy Library<\/a><\/li>\n<li id=\"menu-item-5746\" class=\"menu-item menu-item-type-custom menu-item-object-custom menu-item-5746\"><a target=\"_blank\" rel=\"noopener\" href=\"https:\/\/dizbi.hazu.hr\/a\/\">DIZBI<\/a><\/li>\n<li id=\"menu-item-5747\" class=\"menu-item menu-item-type-post_type menu-item-object-page menu-item-5747\"><a href=\"https:\/\/www.info.hazu.hr\/en\/knjiznica-jadranskog-zavoda\/\">Adriatic Institute Library<\/a><\/li>\n<li id=\"menu-item-5748\" class=\"menu-item menu-item-type-post_type menu-item-object-page menu-item-5748\"><a href=\"https:\/\/www.info.hazu.hr\/en\/knjiznica-odsjeka-za-povijest-hrvatske-glazbe\/\">The Division for the History of Croatian Music Library<\/a><\/li>\n<li id=\"menu-item-5749\" class=\"menu-item menu-item-type-post_type menu-item-object-page menu-item-5749\"><a href=\"https:\/\/www.info.hazu.hr\/en\/knjiznica-odsjeka-za-povijesne-znanosti\/\">The Division of Historical Sciences Library<\/a><\/li>\n<li id=\"menu-item-5750\" class=\"menu-item menu-item-type-post_type menu-item-object-page menu-item-5750\"><a href=\"https:\/\/www.info.hazu.hr\/en\/katalozi-akademijinih-knjiznica\/\">Catalogs of the Academy Libraries<\/a><\/li>\n<li id=\"menu-item-5751\" class=\"menu-item menu-item-type-post_type menu-item-object-page menu-item-5751\"><a href=\"https:\/\/www.info.hazu.hr\/en\/katalozi-drugih-knjiznica\/\">Catalogs of other libraries<\/a><\/li>\n<\/ul><\/div>\t\t<\/div>\n\t\t\t\t<\/div>\n\t\t\t\t\t\t<\/div>\n\t\t\t\t\t<\/div>\n\t\t<\/div>\n\t\t\t\t\t\t\t\t<\/div>\n\t\t\t\t\t<\/div>\n\t\t<\/section>\n\t\t\t\t\t\t<\/div>\n\t\t\t\t\t\t<\/div>\n\t\t\t\t\t<\/div>\n\t\t","protected":false},"excerpt":{"rendered":"<p>Adriatic Institute Library The catalogs of the Academy Libraries as well as the Digital Collection of the Academy can be found on the website of the Digital Collection. Augusta \u0160enoe 4, 10000 Zagreb Phone: +385 01 4812 703 Head: Jakov Sinov\u010di\u0107-Perkovi\u0107, mag. bibl. E-mails: knjiznica-jz@hazu.hr jsinovcicperkovic@hazu.hr The Adriatic Institute is a scientific research unit of [&hellip;]<\/p>\n","protected":false},"author":2,"featured_media":0,"parent":0,"menu_order":77,"comment_status":"closed","ping_status":"closed","template":"elementor_header_footer","meta":[],"_links":{"self":[{"href":"https:\/\/www.info.hazu.hr\/en\/wp-json\/wp\/v2\/pages\/5723"}],"collection":[{"href":"https:\/\/www.info.hazu.hr\/en\/wp-json\/wp\/v2\/pages"}],"about":[{"href":"https:\/\/www.info.hazu.hr\/en\/wp-json\/wp\/v2\/types\/page"}],"author":[{"embeddable":true,"href":"https:\/\/www.info.hazu.hr\/en\/wp-json\/wp\/v2\/users\/2"}],"replies":[{"embeddable":true,"href":"https:\/\/www.info.hazu.hr\/en\/wp-json\/wp\/v2\/comments?post=5723"}],"version-history":[{"count":6,"href":"https:\/\/www.info.hazu.hr\/en\/wp-json\/wp\/v2\/pages\/5723\/revisions"}],"predecessor-version":[{"id":43988,"href":"https:\/\/www.info.hazu.hr\/en\/wp-json\/wp\/v2\/pages\/5723\/revisions\/43988"}],"wp:attachment":[{"href":"https:\/\/www.info.hazu.hr\/en\/wp-json\/wp\/v2\/media?parent=5723"}],"curies":[{"name":"wp","href":"https:\/\/api.w.org\/{rel}","templated":true}]}}