{"id":5660,"date":"2021-02-09T13:00:45","date_gmt":"2021-02-09T12:00:45","guid":{"rendered":"https:\/\/www.info.hazu.hr\/misija-strateski-plan\/"},"modified":"2024-10-15T13:28:55","modified_gmt":"2024-10-15T11:28:55","slug":"misija-strateski-plan","status":"publish","type":"page","link":"https:\/\/www.info.hazu.hr\/en\/misija-strateski-plan\/","title":{"rendered":"Main tasks of the Academy"},"content":{"rendered":"\t\t<div data-elementor-type=\"wp-page\" data-elementor-id=\"5660\" class=\"elementor elementor-5660 elementor-1592\" data-elementor-settings=\"[]\">\n\t\t\t\t\t\t<div class=\"elementor-inner\">\n\t\t\t\t\t\t\t<div class=\"elementor-section-wrap\">\n\t\t\t\t\t\t\t<section class=\"elementor-section elementor-top-section elementor-element elementor-element-c590a0a elementor-section-height-min-height hazu-inner-header elementor-section-boxed elementor-section-height-default elementor-section-items-middle\" data-id=\"c590a0a\" data-element_type=\"section\" data-settings=\"{&quot;background_background&quot;:&quot;classic&quot;}\">\n\t\t\t\t\t\t<div class=\"elementor-container elementor-column-gap-default\">\n\t\t\t\t\t\t\t<div class=\"elementor-row\">\n\t\t\t\t\t<div class=\"elementor-column elementor-col-100 elementor-top-column elementor-element elementor-element-744035c1\" data-id=\"744035c1\" data-element_type=\"column\">\n\t\t\t<div class=\"elementor-column-wrap elementor-element-populated\">\n\t\t\t\t\t\t\t<div class=\"elementor-widget-wrap\">\n\t\t\t\t\t\t<div class=\"elementor-element elementor-element-54b09fa5 elementor-widget elementor-widget-text-editor\" data-id=\"54b09fa5\" data-element_type=\"widget\" data-widget_type=\"text-editor.default\">\n\t\t\t\t<div class=\"elementor-widget-container\">\n\t\t\t\t\t\t\t\t<div class=\"elementor-text-editor elementor-clearfix\">\n\t\t\t\t\t\t\t\t\t\t<\/div>\n\t\t\t\t\t\t<\/div>\n\t\t\t\t<\/div>\n\t\t\t\t\t\t<\/div>\n\t\t\t\t\t<\/div>\n\t\t<\/div>\n\t\t\t\t\t\t\t\t<\/div>\n\t\t\t\t\t<\/div>\n\t\t<\/section>\n\t\t\t\t<section class=\"elementor-section elementor-top-section elementor-element elementor-element-99ea3c elementor-section-boxed elementor-section-height-default elementor-section-height-default\" data-id=\"99ea3c\" data-element_type=\"section\" data-settings=\"{&quot;background_background&quot;:&quot;classic&quot;}\">\n\t\t\t\t\t\t<div class=\"elementor-container elementor-column-gap-default\">\n\t\t\t\t\t\t\t<div class=\"elementor-row\">\n\t\t\t\t\t<div class=\"elementor-column elementor-col-50 elementor-top-column elementor-element elementor-element-1fe9c36a\" data-id=\"1fe9c36a\" data-element_type=\"column\">\n\t\t\t<div class=\"elementor-column-wrap elementor-element-populated\">\n\t\t\t\t\t\t\t<div class=\"elementor-widget-wrap\">\n\t\t\t\t\t\t<div class=\"elementor-element elementor-element-1f04573a elementor-widget elementor-widget-text-editor\" data-id=\"1f04573a\" data-element_type=\"widget\" data-widget_type=\"text-editor.default\">\n\t\t\t\t<div class=\"elementor-widget-container\">\n\t\t\t\t\t\t\t\t<div class=\"elementor-text-editor elementor-clearfix\">\n\t\t\t\t\t<p>The mission of the Croatian Academy has been defined in Article 3 of the Croatian Academy of Sciences and Arts Act as follows:<\/p><ol><li>The Academy promotes and organizes scientific research and encourages the application of the findings of this research, develops artistic and cultural activities, and is concemed with Croatian cultural heritage and its affirmation throughout the world;<\/li><li>It publishes the results of scientific research and artistic creation;<\/li><li>It makes proposals and gives its opinion on the promotion of sciences and arts in the fields which are of special importance to the Republic of Croatia.<\/li><\/ol><p>The Croatian Academy&#8217;s scientific and artistic activities are carried out through its nine departments, as well as through its scientific councils and committees, and scientific and research units (institutes), which will be described in the following chapters. The Croatian Academy of Sciences and Arts collaborates with other academies of sciences and arts, universities, scientific institutions, state bodies, cultural and other institutions, as well as with individual scholars and artists from Croatia and abroad.<\/p><p>Among the most important of the Academy s numerous publications are:\u00a0<em>Gra\u0111a za povijest knji\u017eevnosti hrvatske\u00a0<\/em>(Documents for the history of Croatian literature, 34 volumes);\u00a0\u00a0<em>Diplomati\u010dki\u00a0 zbornik Kraljevine Hrvatske, Dalmacije i Slavonije<\/em>\u00a0(The Diplomatic Codex of the Kingdom of Croatia, Dalmatia, and Slavonia, 19 volumes);\u00a0<em>Noviji pisci hrvatski<\/em>\u00a0(Modem Croatian Writers, 12 volumes);\u00a0<em>Hrvatski latinist<\/em>i (Croatian Latinists, 11 volumes);\u00a0<em>Gra\u0111a\u00a0 za gospodarsku povijest Hrvatske<\/em>\u00a0(Documents for the Economic History of Croatia, 21 volumes);\u00a0<em>Djela<\/em>\u00a0(Works, 80 volumes), which publish monographs on Croatia as a country, its history, and language;\u00a0<em>Prirodoslovna istra\u017eivanja<\/em>\u00a0(Natural History Studies, 107 volumes);\u00a0<em>Pomorsko pravo<\/em>\u00a0(Maritime Law, 6 volumes);\u00a0<em>Gra\u0111a za pomorsku povijest Dubrovnika<\/em>\u00a0(Documents for the Naval History of Dubrovnik, 6 volumes);\u00a0<em>Problemi sjevernog Jadrana<\/em>\u00a0(Problems of the Northem Adriatic, 6 volumes), etc.<\/p>\t\t\t\t\t<\/div>\n\t\t\t\t\t\t<\/div>\n\t\t\t\t<\/div>\n\t\t\t\t\t\t<\/div>\n\t\t\t\t\t<\/div>\n\t\t<\/div>\n\t\t\t\t<div class=\"elementor-column elementor-col-50 elementor-top-column elementor-element elementor-element-fbe37a8\" data-id=\"fbe37a8\" data-element_type=\"column\">\n\t\t\t<div class=\"elementor-column-wrap elementor-element-populated\">\n\t\t\t\t\t\t\t<div class=\"elementor-widget-wrap\">\n\t\t\t\t\t\t<div class=\"elementor-element elementor-element-3ad9433 elementor-widget elementor-widget-text-editor\" data-id=\"3ad9433\" data-element_type=\"widget\" data-widget_type=\"text-editor.default\">\n\t\t\t\t<div class=\"elementor-widget-container\">\n\t\t\t\t\t\t\t\t<div class=\"elementor-text-editor elementor-clearfix\">\n\t\t\t\t\t<p>The Croatian Academy of Sciences and Arts has organized over one hundred scientific meetings and conferences, evaluating works of important Croats throughout history. In addition, it has organized a number of symposia focusing on the history and economic development of Croatian regions and towns, as well as on the problems of Croatia&#8217;s development. The Academy has published the following dictionaries. Ma\u017eurani\u0107&#8217;s\u00a0<em>Prinosi za hrvatski pravno-povijesni rje\u010dnik<\/em>\u00a0 (Contributions for a Croatian Historical Dictionary, 11 volumes), Bene\u0161ic&#8217;s\u00a0<em>Rje\u010dnik hrvatskog knji\u017eevnog jezika od preporoda do l. G. Kova\u010di\u0107a<\/em>\u00a0(Dictionary of the Croatian Literary Language from the National Revival to I. G. Kova\u010di\u0107, in 12 volumes)\u00a0<em>Rje\u010dnik hrvatskoga kajkavskog knji\u017eevnog jezika<\/em>\u00a0(A Dictionary of Croatian Literary Kajkavian, 8 volumes). Work on the large\u00a0<em>Rje\u010dnik hrvatskog ili srpskog jezika<\/em>\u00a0(Dictionary of the Croatian or Serbian Language, 97 vol.) went on for almost one hundred years.<\/p>\n<p><figure style=\"width: 180px\" class=\"wp-caption alignleft\"><img loading=\"lazy\" src=\"\/upload\/image\/slike_stranica\/glavni_zadaci_akademije\/Codex.JPG\" alt=\"Codex diplomaticus\" width=\"180\" height=\"278\" \/><figcaption class=\"wp-caption-text\">Codex diplomaticus &#8211; Croatian diplomatic codex<\/figcaption><\/figure><\/p>\n<p><figure style=\"width: 180px\" class=\"wp-caption alignleft\"><img loading=\"lazy\" src=\"\/upload\/image\/slike_stranica\/glavni_zadaci_akademije\/Hr_Eu.JPG\" alt=\"Hrvatska i Europa\" width=\"180\" height=\"256\" \/><figcaption class=\"wp-caption-text\">Croatia and Europe &#8211; an encyclopaedic project of the Academy<\/figcaption><\/figure><\/p>\n<p>&nbsp;<\/p>\n\t\t\t\t\t<\/div>\n\t\t\t\t\t\t<\/div>\n\t\t\t\t<\/div>\n\t\t\t\t\t\t<\/div>\n\t\t\t\t\t<\/div>\n\t\t<\/div>\n\t\t\t\t\t\t\t\t<\/div>\n\t\t\t\t\t<\/div>\n\t\t<\/section>\n\t\t\t\t\t\t<\/div>\n\t\t\t\t\t\t<\/div>\n\t\t\t\t\t<\/div>\n\t\t","protected":false},"excerpt":{"rendered":"<p>The mission of the Croatian Academy has been defined in Article 3 of the Croatian Academy of Sciences and Arts Act as follows: The Academy promotes and organizes scientific research and encourages the application of the findings of this research, develops artistic and cultural activities, and is concemed with Croatian cultural heritage and its affirmation [&hellip;]<\/p>\n","protected":false},"author":2,"featured_media":0,"parent":0,"menu_order":47,"comment_status":"closed","ping_status":"closed","template":"elementor_header_footer","meta":[],"_links":{"self":[{"href":"https:\/\/www.info.hazu.hr\/en\/wp-json\/wp\/v2\/pages\/5660"}],"collection":[{"href":"https:\/\/www.info.hazu.hr\/en\/wp-json\/wp\/v2\/pages"}],"about":[{"href":"https:\/\/www.info.hazu.hr\/en\/wp-json\/wp\/v2\/types\/page"}],"author":[{"embeddable":true,"href":"https:\/\/www.info.hazu.hr\/en\/wp-json\/wp\/v2\/users\/2"}],"replies":[{"embeddable":true,"href":"https:\/\/www.info.hazu.hr\/en\/wp-json\/wp\/v2\/comments?post=5660"}],"version-history":[{"count":6,"href":"https:\/\/www.info.hazu.hr\/en\/wp-json\/wp\/v2\/pages\/5660\/revisions"}],"predecessor-version":[{"id":45109,"href":"https:\/\/www.info.hazu.hr\/en\/wp-json\/wp\/v2\/pages\/5660\/revisions\/45109"}],"wp:attachment":[{"href":"https:\/\/www.info.hazu.hr\/en\/wp-json\/wp\/v2\/media?parent=5660"}],"curies":[{"name":"wp","href":"https:\/\/api.w.org\/{rel}","templated":true}]}}